{"id":2874,"date":"2025-12-13T19:40:17","date_gmt":"2025-12-13T18:40:17","guid":{"rendered":"https:\/\/test.techcobenin.com\/?post_type=product&#038;p=2874"},"modified":"2025-12-13T19:41:44","modified_gmt":"2025-12-13T18:41:44","slug":"balancelle-portable-deluxe-mastela","status":"publish","type":"product","link":"https:\/\/test.techcobenin.com\/index.php\/produit\/balancelle-portable-deluxe-mastela\/","title":{"rendered":"Balancelle portable Deluxe \u2013 Mastela"},"content":{"rendered":"<ul data-hveid=\"CBAQAQ\" data-ved=\"2ahUKEwiEneWUmbuRAxXwRaQEHY7JARcQm_YKegQIEBAB\">\n<li><span data-huuid=\"6486991943884587811\">Elle dispose de 5 vitesses de balancement.<\/span><\/li>\n<li>7 m\u00e9lodies et 3 son naturel<\/li>\n<li><span data-huuid=\"6486991943884588905\">Elle peut fonctionner avec 4 piles AA ou via un c\u00e2ble USB.<\/span><\/li>\n<li><span data-huuid=\"6486991943884590635\">Se pile facilement pour le transport et le rangement.<\/span><\/li>\n<li>Barre \u00e0 jouets pivotante et amovible.<\/li>\n<\/ul>\n","protected":false},"excerpt":{"rendered":"<p>B\u00e9b\u00e9 3-11kg &#8211; Non recommand\u00e9 pour les enfants qui peuvent s&rsquo;asseoir par leurs propres moyens(9mois environ)<\/p>\n","protected":false},"featured_media":2877,"template":"","meta":[],"product_brand":[],"product_cat":[102,69],"product_tag":[],"class_list":{"0":"post-2874","1":"product","2":"type-product","3":"status-publish","4":"has-post-thumbnail","6":"product_cat-balancelles-et-transats","7":"product_cat-puericulture","9":"first","10":"instock","11":"shipping-taxable","12":"purchasable","13":"product-type-simple"},"_links":{"self":[{"href":"https:\/\/test.techcobenin.com\/index.php\/wp-json\/wp\/v2\/product\/2874","targetHints":{"allow":["GET"]}}],"collection":[{"href":"https:\/\/test.techcobenin.com\/index.php\/wp-json\/wp\/v2\/product"}],"about":[{"href":"https:\/\/test.techcobenin.com\/index.php\/wp-json\/wp\/v2\/types\/product"}],"version-history":[{"count":6,"href":"https:\/\/test.techcobenin.com\/index.php\/wp-json\/wp\/v2\/product\/2874\/revisions"}],"predecessor-version":[{"id":2884,"href":"https:\/\/test.techcobenin.com\/index.php\/wp-json\/wp\/v2\/product\/2874\/revisions\/2884"}],"wp:featuredmedia":[{"embeddable":true,"href":"https:\/\/test.techcobenin.com\/index.php\/wp-json\/wp\/v2\/media\/2877"}],"wp:attachment":[{"href":"https:\/\/test.techcobenin.com\/index.php\/wp-json\/wp\/v2\/media?parent=2874"}],"wp:term":[{"taxonomy":"product_brand","embeddable":true,"href":"https:\/\/test.techcobenin.com\/index.php\/wp-json\/wp\/v2\/product_brand?post=2874"},{"taxonomy":"product_cat","embeddable":true,"href":"https:\/\/test.techcobenin.com\/index.php\/wp-json\/wp\/v2\/product_cat?post=2874"},{"taxonomy":"product_tag","embeddable":true,"href":"https:\/\/test.techcobenin.com\/index.php\/wp-json\/wp\/v2\/product_tag?post=2874"}],"curies":[{"name":"wp","href":"https:\/\/api.w.org\/{rel}","templated":true}]}}