{"id":2751,"date":"2025-12-12T18:36:13","date_gmt":"2025-12-12T17:36:13","guid":{"rendered":"https:\/\/test.techcobenin.com\/?post_type=product&#038;p=2751"},"modified":"2025-12-12T18:36:13","modified_gmt":"2025-12-12T17:36:13","slug":"ensemble-de-blocs-de-construction-educatifs","status":"publish","type":"product","link":"https:\/\/test.techcobenin.com\/index.php\/produit\/ensemble-de-blocs-de-construction-educatifs\/","title":{"rendered":"Ensemble de blocs de construction \u00e9ducatifs"},"content":{"rendered":"","protected":false},"excerpt":{"rendered":"<ul data-hveid=\"CA0QAQ\" data-ved=\"2ahUKEwi10IDcyLiRAxX__rsIHX_dKjYQm_YKegQIDRAB\">\n<li><span data-huuid=\"10924891735043849909\">Con\u00e7u pour d\u00e9velopper la cr\u00e9ativit\u00e9, l&rsquo;interaction et les comp\u00e9tences en r\u00e9solution d&rsquo;\u00e9nigmes.<\/span><\/li>\n<li><span data-huuid=\"10924891735043848723\">Les blocs color\u00e9s permettent aux enfants de construire une structure de ch\u00e2teau.<\/span><\/li>\n<\/ul>\n","protected":false},"featured_media":2148,"template":"","meta":[],"product_brand":[],"product_cat":[68],"product_tag":[],"class_list":{"0":"post-2751","1":"product","2":"type-product","3":"status-publish","4":"has-post-thumbnail","6":"product_cat-jouets-eveils","8":"first","9":"instock","10":"shipping-taxable","11":"purchasable","12":"product-type-simple"},"_links":{"self":[{"href":"https:\/\/test.techcobenin.com\/index.php\/wp-json\/wp\/v2\/product\/2751","targetHints":{"allow":["GET"]}}],"collection":[{"href":"https:\/\/test.techcobenin.com\/index.php\/wp-json\/wp\/v2\/product"}],"about":[{"href":"https:\/\/test.techcobenin.com\/index.php\/wp-json\/wp\/v2\/types\/product"}],"version-history":[{"count":2,"href":"https:\/\/test.techcobenin.com\/index.php\/wp-json\/wp\/v2\/product\/2751\/revisions"}],"predecessor-version":[{"id":2753,"href":"https:\/\/test.techcobenin.com\/index.php\/wp-json\/wp\/v2\/product\/2751\/revisions\/2753"}],"wp:featuredmedia":[{"embeddable":true,"href":"https:\/\/test.techcobenin.com\/index.php\/wp-json\/wp\/v2\/media\/2148"}],"wp:attachment":[{"href":"https:\/\/test.techcobenin.com\/index.php\/wp-json\/wp\/v2\/media?parent=2751"}],"wp:term":[{"taxonomy":"product_brand","embeddable":true,"href":"https:\/\/test.techcobenin.com\/index.php\/wp-json\/wp\/v2\/product_brand?post=2751"},{"taxonomy":"product_cat","embeddable":true,"href":"https:\/\/test.techcobenin.com\/index.php\/wp-json\/wp\/v2\/product_cat?post=2751"},{"taxonomy":"product_tag","embeddable":true,"href":"https:\/\/test.techcobenin.com\/index.php\/wp-json\/wp\/v2\/product_tag?post=2751"}],"curies":[{"name":"wp","href":"https:\/\/api.w.org\/{rel}","templated":true}]}}