{"id":2718,"date":"2025-12-12T17:29:09","date_gmt":"2025-12-12T16:29:09","guid":{"rendered":"https:\/\/test.techcobenin.com\/?post_type=product&#038;p=2718"},"modified":"2025-12-12T17:29:09","modified_gmt":"2025-12-12T16:29:09","slug":"jouet-musical-dabeille-dansante","status":"publish","type":"product","link":"https:\/\/test.techcobenin.com\/index.php\/produit\/jouet-musical-dabeille-dansante\/","title":{"rendered":"Jouet musical d&rsquo;abeille dansante"},"content":{"rendered":"<ul data-hveid=\"CBcQAQ\" data-ved=\"2ahUKEwjcmJ_PuriRAxURnf0HHT4FEH8Qm_YKegQIFxAB\">\n<li><span data-huuid=\"3285733088933712258\"><strong>Mouvements :<\/strong>\u00a0L&rsquo;abeille danse et bouge au rythme de la musique.<span class=\"pjBG2e\" data-cid=\"ec02bd8a-88cd-4c28-87f6-0ee8fa3ddbb3\"><span class=\"UV3uM\">\u00a0<\/span><\/span><\/span>\n<div class=\"NPrrbc\" data-cid=\"ec02bd8a-88cd-4c28-87f6-0ee8fa3ddbb3\" data-uuids=\"3285733088933712258\">\n<div class=\"BMebGe btku5b LwdV0e FR7ZSc OJeuxf\" role=\"button\" aria-label=\"Afficher les liens associ\u00e9s\" data-hveid=\"CBIQAQ\" data-ved=\"2ahUKEwjcmJ_PuriRAxURnf0HHT4FEH8Q3fYKegQIEhAB\">\n<div class=\"niO4u\"><\/div>\n<\/div>\n<\/div>\n<\/li>\n<li><span data-huuid=\"3285733088933715816\"><strong>Lumi\u00e8res et sons :<\/strong>\u00a0Elle est \u00e9quip\u00e9e de lumi\u00e8res LED color\u00e9es et \u00e9met des sons et des m\u00e9lodies joyeuses.<span class=\"pjBG2e\" data-cid=\"fe4f244b-7c49-4de5-b005-829087af5725\"><span class=\"UV3uM\">\u00a0<\/span><\/span><\/span>\n<div class=\"NPrrbc\" data-cid=\"fe4f244b-7c49-4de5-b005-829087af5725\" data-uuids=\"3285733088933715816\">\n<div class=\"BMebGe btku5b LwdV0e FR7ZSc OJeuxf\" role=\"button\" aria-label=\"Afficher les liens associ\u00e9s\" data-hveid=\"CBAQAQ\" data-ved=\"2ahUKEwjcmJ_PuriRAxURnf0HHT4FEH8Q3fYKegQIEBAB\">\n<div class=\"niO4u\"><\/div>\n<\/div>\n<\/div>\n<\/li>\n<\/ul>\n","protected":false},"excerpt":{"rendered":"<p>Il est con\u00e7u pour stimuler la coordination motrice, l&rsquo;attention et les sens auditifs et visuels des enfants<\/p>\n","protected":false},"featured_media":2149,"template":"","meta":[],"product_brand":[],"product_cat":[68],"product_tag":[],"class_list":{"0":"post-2718","1":"product","2":"type-product","3":"status-publish","4":"has-post-thumbnail","6":"product_cat-jouets-eveils","8":"first","9":"instock","10":"shipping-taxable","11":"purchasable","12":"product-type-simple"},"_links":{"self":[{"href":"https:\/\/test.techcobenin.com\/index.php\/wp-json\/wp\/v2\/product\/2718","targetHints":{"allow":["GET"]}}],"collection":[{"href":"https:\/\/test.techcobenin.com\/index.php\/wp-json\/wp\/v2\/product"}],"about":[{"href":"https:\/\/test.techcobenin.com\/index.php\/wp-json\/wp\/v2\/types\/product"}],"version-history":[{"count":2,"href":"https:\/\/test.techcobenin.com\/index.php\/wp-json\/wp\/v2\/product\/2718\/revisions"}],"predecessor-version":[{"id":2720,"href":"https:\/\/test.techcobenin.com\/index.php\/wp-json\/wp\/v2\/product\/2718\/revisions\/2720"}],"wp:featuredmedia":[{"embeddable":true,"href":"https:\/\/test.techcobenin.com\/index.php\/wp-json\/wp\/v2\/media\/2149"}],"wp:attachment":[{"href":"https:\/\/test.techcobenin.com\/index.php\/wp-json\/wp\/v2\/media?parent=2718"}],"wp:term":[{"taxonomy":"product_brand","embeddable":true,"href":"https:\/\/test.techcobenin.com\/index.php\/wp-json\/wp\/v2\/product_brand?post=2718"},{"taxonomy":"product_cat","embeddable":true,"href":"https:\/\/test.techcobenin.com\/index.php\/wp-json\/wp\/v2\/product_cat?post=2718"},{"taxonomy":"product_tag","embeddable":true,"href":"https:\/\/test.techcobenin.com\/index.php\/wp-json\/wp\/v2\/product_tag?post=2718"}],"curies":[{"name":"wp","href":"https:\/\/api.w.org\/{rel}","templated":true}]}}