{"id":2697,"date":"2025-12-12T15:58:32","date_gmt":"2025-12-12T14:58:32","guid":{"rendered":"https:\/\/test.techcobenin.com\/?post_type=product&#038;p=2697"},"modified":"2025-12-12T15:58:47","modified_gmt":"2025-12-12T14:58:47","slug":"jouet-machine-a-coudre-et-un-fer-a-repasser","status":"publish","type":"product","link":"https:\/\/test.techcobenin.com\/index.php\/produit\/jouet-machine-a-coudre-et-un-fer-a-repasser\/","title":{"rendered":"Jouet machine \u00e0 coudre et fer \u00e0 repasser"},"content":{"rendered":"","protected":false},"excerpt":{"rendered":"<p>Le jouet est con\u00e7u pour le jeu de r\u00f4le \u00e9ducatif, permettant aux enfants d&rsquo;imiter les activit\u00e9s domestiques et de d\u00e9velopper leur coordination main-\u0153il et leur imagination.<\/p>\n<p><strong class=\"Yjhzub\" data-complete=\"true\">\u00c2ge recommand\u00e9 :<\/strong>\u00a0Pour les enfants de 3 ans et plus<\/p>\n","protected":false},"featured_media":2698,"template":"","meta":[],"product_brand":[],"product_cat":[68],"product_tag":[],"class_list":{"0":"post-2697","1":"product","2":"type-product","3":"status-publish","4":"has-post-thumbnail","6":"product_cat-jouets-eveils","8":"first","9":"instock","10":"shipping-taxable","11":"purchasable","12":"product-type-simple"},"_links":{"self":[{"href":"https:\/\/test.techcobenin.com\/index.php\/wp-json\/wp\/v2\/product\/2697","targetHints":{"allow":["GET"]}}],"collection":[{"href":"https:\/\/test.techcobenin.com\/index.php\/wp-json\/wp\/v2\/product"}],"about":[{"href":"https:\/\/test.techcobenin.com\/index.php\/wp-json\/wp\/v2\/types\/product"}],"version-history":[{"count":3,"href":"https:\/\/test.techcobenin.com\/index.php\/wp-json\/wp\/v2\/product\/2697\/revisions"}],"predecessor-version":[{"id":2702,"href":"https:\/\/test.techcobenin.com\/index.php\/wp-json\/wp\/v2\/product\/2697\/revisions\/2702"}],"wp:featuredmedia":[{"embeddable":true,"href":"https:\/\/test.techcobenin.com\/index.php\/wp-json\/wp\/v2\/media\/2698"}],"wp:attachment":[{"href":"https:\/\/test.techcobenin.com\/index.php\/wp-json\/wp\/v2\/media?parent=2697"}],"wp:term":[{"taxonomy":"product_brand","embeddable":true,"href":"https:\/\/test.techcobenin.com\/index.php\/wp-json\/wp\/v2\/product_brand?post=2697"},{"taxonomy":"product_cat","embeddable":true,"href":"https:\/\/test.techcobenin.com\/index.php\/wp-json\/wp\/v2\/product_cat?post=2697"},{"taxonomy":"product_tag","embeddable":true,"href":"https:\/\/test.techcobenin.com\/index.php\/wp-json\/wp\/v2\/product_tag?post=2697"}],"curies":[{"name":"wp","href":"https:\/\/api.w.org\/{rel}","templated":true}]}}