{"id":2690,"date":"2025-12-12T14:55:52","date_gmt":"2025-12-12T13:55:52","guid":{"rendered":"https:\/\/test.techcobenin.com\/?post_type=product&#038;p=2690"},"modified":"2025-12-12T14:56:24","modified_gmt":"2025-12-12T13:56:24","slug":"jouet-de-medecin","status":"publish","type":"product","link":"https:\/\/test.techcobenin.com\/index.php\/produit\/jouet-de-medecin\/","title":{"rendered":"Jouet de m\u00e9decin"},"content":{"rendered":"<ul data-hveid=\"CBIQAQ\" data-ved=\"2ahUKEwi_1sugmbiRAxWkpCcCHdy2NSoQm_YKegQIEhAB\">\n<li><span data-huuid=\"6536249129801330857\">Cet ensemble permet aux enfants de s&rsquo;engager dans des jeux de r\u00f4le et d&rsquo;imiter les professionnels de la sant\u00e9.<span class=\"pjBG2e\" data-cid=\"17fd4bc4-5cb7-43dd-8feb-fb37f21eea3f\"><span class=\"UV3uM\">\u00a0<\/span><\/span><\/span>\n<div class=\"NPrrbc\" data-cid=\"17fd4bc4-5cb7-43dd-8feb-fb37f21eea3f\" data-uuids=\"6536249129801330857\">\n<div class=\"BMebGe btku5b LwdV0e FR7ZSc OJeuxf\" role=\"button\" aria-label=\"Afficher les liens associ\u00e9s\" data-hveid=\"CAwQAQ\" data-ved=\"2ahUKEwi_1sugmbiRAxWkpCcCHdy2NSoQ3fYKegQIDBAB\">\n<div class=\"niO4u\"><\/div>\n<\/div>\n<\/div>\n<\/li>\n<li><span data-huuid=\"6536249129801334751\">Il comprend divers accessoires m\u00e9dicaux miniatures, tels qu&rsquo;un st\u00e9thoscope, des ciseaux et des outils d&rsquo;examen.<span class=\"pjBG2e\" data-cid=\"13a9cd66-1300-4fd1-bcf0-a16e98acb362\"><span class=\"UV3uM\">\u00a0<\/span><\/span><\/span><\/li>\n<\/ul>\n","protected":false},"excerpt":{"rendered":"<p><span data-huuid=\"6536249129801334549\">Ces jouets sont con\u00e7us pour encourager l&rsquo;imagination et la cr\u00e9ativit\u00e9, tout en aidant les enfants \u00e0 se familiariser avec les pratiques m\u00e9dicales de base.<span class=\"pjBG2e\" data-cid=\"e3dc893c-a185-41e8-929e-37e483ae4ba5\"><span class=\"UV3uM\">\u00a0<\/span><\/span><\/span><\/p>\n","protected":false},"featured_media":2216,"template":"","meta":[],"product_brand":[],"product_cat":[68],"product_tag":[],"class_list":{"0":"post-2690","1":"product","2":"type-product","3":"status-publish","4":"has-post-thumbnail","6":"product_cat-jouets-eveils","8":"first","9":"instock","10":"shipping-taxable","11":"purchasable","12":"product-type-simple"},"_links":{"self":[{"href":"https:\/\/test.techcobenin.com\/index.php\/wp-json\/wp\/v2\/product\/2690","targetHints":{"allow":["GET"]}}],"collection":[{"href":"https:\/\/test.techcobenin.com\/index.php\/wp-json\/wp\/v2\/product"}],"about":[{"href":"https:\/\/test.techcobenin.com\/index.php\/wp-json\/wp\/v2\/types\/product"}],"version-history":[{"count":2,"href":"https:\/\/test.techcobenin.com\/index.php\/wp-json\/wp\/v2\/product\/2690\/revisions"}],"predecessor-version":[{"id":2692,"href":"https:\/\/test.techcobenin.com\/index.php\/wp-json\/wp\/v2\/product\/2690\/revisions\/2692"}],"wp:featuredmedia":[{"embeddable":true,"href":"https:\/\/test.techcobenin.com\/index.php\/wp-json\/wp\/v2\/media\/2216"}],"wp:attachment":[{"href":"https:\/\/test.techcobenin.com\/index.php\/wp-json\/wp\/v2\/media?parent=2690"}],"wp:term":[{"taxonomy":"product_brand","embeddable":true,"href":"https:\/\/test.techcobenin.com\/index.php\/wp-json\/wp\/v2\/product_brand?post=2690"},{"taxonomy":"product_cat","embeddable":true,"href":"https:\/\/test.techcobenin.com\/index.php\/wp-json\/wp\/v2\/product_cat?post=2690"},{"taxonomy":"product_tag","embeddable":true,"href":"https:\/\/test.techcobenin.com\/index.php\/wp-json\/wp\/v2\/product_tag?post=2690"}],"curies":[{"name":"wp","href":"https:\/\/api.w.org\/{rel}","templated":true}]}}