{"id":2685,"date":"2025-12-12T14:41:32","date_gmt":"2025-12-12T13:41:32","guid":{"rendered":"https:\/\/test.techcobenin.com\/?post_type=product&#038;p=2685"},"modified":"2025-12-12T15:13:49","modified_gmt":"2025-12-12T14:13:49","slug":"jouet-dinosaure-mecanique","status":"publish","type":"product","link":"https:\/\/test.techcobenin.com\/index.php\/produit\/jouet-dinosaure-mecanique\/","title":{"rendered":"Jouet dinosaure m\u00e9canique"},"content":{"rendered":"","protected":false},"excerpt":{"rendered":"<p>Il peut pulv\u00e9riser de la brume avec une lumi\u00e8re rouge, simulant du feu. Il \u00e9met des sons et se d\u00e9place.<\/p>\n<p><span data-huuid=\"1829719604042746896\">Convient aux enfants de 3 ans et plus\u00a0<\/span><\/p>\n","protected":false},"featured_media":2208,"template":"","meta":[],"product_brand":[],"product_cat":[68],"product_tag":[],"class_list":{"0":"post-2685","1":"product","2":"type-product","3":"status-publish","4":"has-post-thumbnail","6":"product_cat-jouets-eveils","8":"first","9":"instock","10":"shipping-taxable","11":"purchasable","12":"product-type-simple"},"_links":{"self":[{"href":"https:\/\/test.techcobenin.com\/index.php\/wp-json\/wp\/v2\/product\/2685","targetHints":{"allow":["GET"]}}],"collection":[{"href":"https:\/\/test.techcobenin.com\/index.php\/wp-json\/wp\/v2\/product"}],"about":[{"href":"https:\/\/test.techcobenin.com\/index.php\/wp-json\/wp\/v2\/types\/product"}],"version-history":[{"count":4,"href":"https:\/\/test.techcobenin.com\/index.php\/wp-json\/wp\/v2\/product\/2685\/revisions"}],"predecessor-version":[{"id":2688,"href":"https:\/\/test.techcobenin.com\/index.php\/wp-json\/wp\/v2\/product\/2685\/revisions\/2688"}],"wp:featuredmedia":[{"embeddable":true,"href":"https:\/\/test.techcobenin.com\/index.php\/wp-json\/wp\/v2\/media\/2208"}],"wp:attachment":[{"href":"https:\/\/test.techcobenin.com\/index.php\/wp-json\/wp\/v2\/media?parent=2685"}],"wp:term":[{"taxonomy":"product_brand","embeddable":true,"href":"https:\/\/test.techcobenin.com\/index.php\/wp-json\/wp\/v2\/product_brand?post=2685"},{"taxonomy":"product_cat","embeddable":true,"href":"https:\/\/test.techcobenin.com\/index.php\/wp-json\/wp\/v2\/product_cat?post=2685"},{"taxonomy":"product_tag","embeddable":true,"href":"https:\/\/test.techcobenin.com\/index.php\/wp-json\/wp\/v2\/product_tag?post=2685"}],"curies":[{"name":"wp","href":"https:\/\/api.w.org\/{rel}","templated":true}]}}