{"id":2673,"date":"2025-12-12T14:29:15","date_gmt":"2025-12-12T13:29:15","guid":{"rendered":"https:\/\/test.techcobenin.com\/?post_type=product&#038;p=2673"},"modified":"2025-12-12T14:32:22","modified_gmt":"2025-12-12T13:32:22","slug":"jouet-de-telephone-mobile-educatif","status":"publish","type":"product","link":"https:\/\/test.techcobenin.com\/index.php\/produit\/jouet-de-telephone-mobile-educatif\/","title":{"rendered":"Jouet de t\u00e9l\u00e9phone mobile \u00e9ducatif"},"content":{"rendered":"","protected":false},"excerpt":{"rendered":"<ul data-hveid=\"CBEQAQ\" data-ved=\"2ahUKEwiXmoSrkriRAxUbaqQEHdlWOX4Qm_YKegQIERAB\">\n<li><span data-huuid=\"9525728135136555726\">Il est con\u00e7u pour les enfants de 3 ans et plus.<\/span><\/li>\n<li><span data-huuid=\"9525728135136557016\">Le jouet est dot\u00e9 de lumi\u00e8res et de sons.<span class=\"pjBG2e\" data-cid=\"3e6cee79-64d9-4788-ade6-2c963be4e5b8\"><span class=\"UV3uM\">\u00a0<\/span><\/span><\/span>\n<div class=\"NPrrbc\" data-cid=\"3e6cee79-64d9-4788-ade6-2c963be4e5b8\" data-uuids=\"9525728135136557016\"><\/div>\n<\/li>\n<li><span data-huuid=\"9525728135136558306\">Il vise \u00e0 stimuler l&rsquo;apprentissage, notamment en anglais et en musique.<span class=\"pjBG2e\" data-cid=\"cfffcf02-69f4-4512-b5b2-cb65131dd3c9\"><span class=\"UV3uM\">\u00a0<\/span><\/span><\/span><\/li>\n<\/ul>\n","protected":false},"featured_media":2678,"template":"","meta":[],"product_brand":[],"product_cat":[68],"product_tag":[],"class_list":{"0":"post-2673","1":"product","2":"type-product","3":"status-publish","4":"has-post-thumbnail","6":"product_cat-jouets-eveils","8":"first","9":"instock","10":"shipping-taxable","11":"purchasable","12":"product-type-simple"},"_links":{"self":[{"href":"https:\/\/test.techcobenin.com\/index.php\/wp-json\/wp\/v2\/product\/2673","targetHints":{"allow":["GET"]}}],"collection":[{"href":"https:\/\/test.techcobenin.com\/index.php\/wp-json\/wp\/v2\/product"}],"about":[{"href":"https:\/\/test.techcobenin.com\/index.php\/wp-json\/wp\/v2\/types\/product"}],"version-history":[{"count":2,"href":"https:\/\/test.techcobenin.com\/index.php\/wp-json\/wp\/v2\/product\/2673\/revisions"}],"predecessor-version":[{"id":2680,"href":"https:\/\/test.techcobenin.com\/index.php\/wp-json\/wp\/v2\/product\/2673\/revisions\/2680"}],"wp:featuredmedia":[{"embeddable":true,"href":"https:\/\/test.techcobenin.com\/index.php\/wp-json\/wp\/v2\/media\/2678"}],"wp:attachment":[{"href":"https:\/\/test.techcobenin.com\/index.php\/wp-json\/wp\/v2\/media?parent=2673"}],"wp:term":[{"taxonomy":"product_brand","embeddable":true,"href":"https:\/\/test.techcobenin.com\/index.php\/wp-json\/wp\/v2\/product_brand?post=2673"},{"taxonomy":"product_cat","embeddable":true,"href":"https:\/\/test.techcobenin.com\/index.php\/wp-json\/wp\/v2\/product_cat?post=2673"},{"taxonomy":"product_tag","embeddable":true,"href":"https:\/\/test.techcobenin.com\/index.php\/wp-json\/wp\/v2\/product_tag?post=2673"}],"curies":[{"name":"wp","href":"https:\/\/api.w.org\/{rel}","templated":true}]}}