{"id":2639,"date":"2025-12-11T19:27:41","date_gmt":"2025-12-11T18:27:41","guid":{"rendered":"https:\/\/test.techcobenin.com\/?post_type=product&#038;p=2639"},"modified":"2025-12-11T19:27:41","modified_gmt":"2025-12-11T18:27:41","slug":"grenouillere-bebe-fille","status":"publish","type":"product","link":"https:\/\/test.techcobenin.com\/index.php\/produit\/grenouillere-bebe-fille\/","title":{"rendered":"Grenouill\u00e8re b\u00e9b\u00e9 fille"},"content":{"rendered":"","protected":false},"excerpt":{"rendered":"","protected":false},"featured_media":2641,"template":"","meta":[],"product_brand":[],"product_cat":[109,67],"product_tag":[],"class_list":{"0":"post-2639","1":"product","2":"type-product","3":"status-publish","4":"has-post-thumbnail","6":"product_cat-grenouillere-body-et-ensemble-de-naissance","7":"product_cat-nouveau-ne","9":"first","10":"instock","11":"shipping-taxable","12":"purchasable","13":"product-type-variable"},"_links":{"self":[{"href":"https:\/\/test.techcobenin.com\/index.php\/wp-json\/wp\/v2\/product\/2639","targetHints":{"allow":["GET"]}}],"collection":[{"href":"https:\/\/test.techcobenin.com\/index.php\/wp-json\/wp\/v2\/product"}],"about":[{"href":"https:\/\/test.techcobenin.com\/index.php\/wp-json\/wp\/v2\/types\/product"}],"version-history":[{"count":1,"href":"https:\/\/test.techcobenin.com\/index.php\/wp-json\/wp\/v2\/product\/2639\/revisions"}],"predecessor-version":[{"id":2645,"href":"https:\/\/test.techcobenin.com\/index.php\/wp-json\/wp\/v2\/product\/2639\/revisions\/2645"}],"wp:featuredmedia":[{"embeddable":true,"href":"https:\/\/test.techcobenin.com\/index.php\/wp-json\/wp\/v2\/media\/2641"}],"wp:attachment":[{"href":"https:\/\/test.techcobenin.com\/index.php\/wp-json\/wp\/v2\/media?parent=2639"}],"wp:term":[{"taxonomy":"product_brand","embeddable":true,"href":"https:\/\/test.techcobenin.com\/index.php\/wp-json\/wp\/v2\/product_brand?post=2639"},{"taxonomy":"product_cat","embeddable":true,"href":"https:\/\/test.techcobenin.com\/index.php\/wp-json\/wp\/v2\/product_cat?post=2639"},{"taxonomy":"product_tag","embeddable":true,"href":"https:\/\/test.techcobenin.com\/index.php\/wp-json\/wp\/v2\/product_tag?post=2639"}],"curies":[{"name":"wp","href":"https:\/\/api.w.org\/{rel}","templated":true}]}}