{"id":2632,"date":"2025-12-11T19:22:04","date_gmt":"2025-12-11T18:22:04","guid":{"rendered":"https:\/\/test.techcobenin.com\/?post_type=product&#038;p=2632"},"modified":"2025-12-11T19:22:04","modified_gmt":"2025-12-11T18:22:04","slug":"grenouillere-bebe-garcon","status":"publish","type":"product","link":"https:\/\/test.techcobenin.com\/index.php\/produit\/grenouillere-bebe-garcon\/","title":{"rendered":"Grenouill\u00e8re b\u00e9b\u00e9 gar\u00e7on"},"content":{"rendered":"","protected":false},"excerpt":{"rendered":"<p>\ud83d\udc76\u2728 <em data-start=\"90\" data-end=\"152\">Grenouill\u00e8re pour B\u00e9b\u00e9 Gar\u00e7on \u2013 Alliant Confort et \u00c9l\u00e9gance<\/em><br data-start=\"152\" data-end=\"155\" \/>Offrez \u00e0 votre petit prince des tenues douces et styl\u00e9es gr\u00e2ce \u00e0 notre s\u00e9lection de grenouill\u00e8res pens\u00e9es sp\u00e9cialement pour les b\u00e9b\u00e9s gar\u00e7ons. \ud83d\udc99<\/p>\n","protected":false},"featured_media":2633,"template":"","meta":[],"product_brand":[],"product_cat":[109,67],"product_tag":[],"class_list":{"0":"post-2632","1":"product","2":"type-product","3":"status-publish","4":"has-post-thumbnail","6":"product_cat-grenouillere-body-et-ensemble-de-naissance","7":"product_cat-nouveau-ne","9":"first","10":"instock","11":"shipping-taxable","12":"purchasable","13":"product-type-variable"},"_links":{"self":[{"href":"https:\/\/test.techcobenin.com\/index.php\/wp-json\/wp\/v2\/product\/2632","targetHints":{"allow":["GET"]}}],"collection":[{"href":"https:\/\/test.techcobenin.com\/index.php\/wp-json\/wp\/v2\/product"}],"about":[{"href":"https:\/\/test.techcobenin.com\/index.php\/wp-json\/wp\/v2\/types\/product"}],"version-history":[{"count":2,"href":"https:\/\/test.techcobenin.com\/index.php\/wp-json\/wp\/v2\/product\/2632\/revisions"}],"predecessor-version":[{"id":2638,"href":"https:\/\/test.techcobenin.com\/index.php\/wp-json\/wp\/v2\/product\/2632\/revisions\/2638"}],"wp:featuredmedia":[{"embeddable":true,"href":"https:\/\/test.techcobenin.com\/index.php\/wp-json\/wp\/v2\/media\/2633"}],"wp:attachment":[{"href":"https:\/\/test.techcobenin.com\/index.php\/wp-json\/wp\/v2\/media?parent=2632"}],"wp:term":[{"taxonomy":"product_brand","embeddable":true,"href":"https:\/\/test.techcobenin.com\/index.php\/wp-json\/wp\/v2\/product_brand?post=2632"},{"taxonomy":"product_cat","embeddable":true,"href":"https:\/\/test.techcobenin.com\/index.php\/wp-json\/wp\/v2\/product_cat?post=2632"},{"taxonomy":"product_tag","embeddable":true,"href":"https:\/\/test.techcobenin.com\/index.php\/wp-json\/wp\/v2\/product_tag?post=2632"}],"curies":[{"name":"wp","href":"https:\/\/api.w.org\/{rel}","templated":true}]}}