{"id":2602,"date":"2025-12-11T12:43:06","date_gmt":"2025-12-11T11:43:06","guid":{"rendered":"https:\/\/test.techcobenin.com\/?post_type=product&#038;p=2602"},"modified":"2025-12-11T12:52:42","modified_gmt":"2025-12-11T11:52:42","slug":"jouet-piano-educatif","status":"publish","type":"product","link":"https:\/\/test.techcobenin.com\/index.php\/produit\/jouet-piano-educatif\/","title":{"rendered":"Jouet piano \u00e9ducatif"},"content":{"rendered":"<ul class=\"KsbFXc U6u95\" data-complete=\"true\" data-processed=\"true\">\n<li data-hveid=\"CAQQAQ\" data-complete=\"true\" data-sae=\"\"><span class=\"T286Pc\" data-sfc-cp=\"\" data-complete=\"true\"><strong class=\"Yjhzub\" data-complete=\"true\">Modes vocaux :<\/strong>\u00a0Il propose cinq modes vocaux diff\u00e9rents (5 FIVE VOICE MODES).<\/span><\/li>\n<li data-hveid=\"CAQQAg\" data-complete=\"true\" data-sae=\"\"><span class=\"T286Pc\" data-sfc-cp=\"\" data-complete=\"true\"><strong class=\"Yjhzub\" data-complete=\"true\">Fonctionnalit\u00e9s \u00e9ducatives :<\/strong>\u00a0Le piano aide \u00e0 d\u00e9velopper les capacit\u00e9s auditives et la coordination \u0153il-main, et stimule l&rsquo;imagination des tout-petits gr\u00e2ce \u00e0 des lumi\u00e8res clignotantes et des sons d&rsquo;animaux.<\/span><\/li>\n<li data-hveid=\"CAQQAw\" data-complete=\"true\" data-sae=\"\"><span class=\"T286Pc\" data-sfc-cp=\"\" data-complete=\"true\"><strong class=\"Yjhzub\" data-complete=\"true\">Modes de jeu :<\/strong>\u00a0Les modes de jeu incluent le mode piano, les sons d&rsquo;animaux, les chansons, et le mode \u00ab\u00a0whack-a-mole\u00a0\u00bb (tape-taupe).<\/span><\/li>\n<\/ul>\n","protected":false},"excerpt":{"rendered":"<p>Con\u00e7u pour les jeunes enfants<\/p>\n","protected":false},"featured_media":2237,"template":"","meta":[],"product_brand":[],"product_cat":[68],"product_tag":[],"class_list":{"0":"post-2602","1":"product","2":"type-product","3":"status-publish","4":"has-post-thumbnail","6":"product_cat-jouets-eveils","8":"first","9":"instock","10":"shipping-taxable","11":"purchasable","12":"product-type-simple"},"_links":{"self":[{"href":"https:\/\/test.techcobenin.com\/index.php\/wp-json\/wp\/v2\/product\/2602","targetHints":{"allow":["GET"]}}],"collection":[{"href":"https:\/\/test.techcobenin.com\/index.php\/wp-json\/wp\/v2\/product"}],"about":[{"href":"https:\/\/test.techcobenin.com\/index.php\/wp-json\/wp\/v2\/types\/product"}],"version-history":[{"count":1,"href":"https:\/\/test.techcobenin.com\/index.php\/wp-json\/wp\/v2\/product\/2602\/revisions"}],"predecessor-version":[{"id":2604,"href":"https:\/\/test.techcobenin.com\/index.php\/wp-json\/wp\/v2\/product\/2602\/revisions\/2604"}],"wp:featuredmedia":[{"embeddable":true,"href":"https:\/\/test.techcobenin.com\/index.php\/wp-json\/wp\/v2\/media\/2237"}],"wp:attachment":[{"href":"https:\/\/test.techcobenin.com\/index.php\/wp-json\/wp\/v2\/media?parent=2602"}],"wp:term":[{"taxonomy":"product_brand","embeddable":true,"href":"https:\/\/test.techcobenin.com\/index.php\/wp-json\/wp\/v2\/product_brand?post=2602"},{"taxonomy":"product_cat","embeddable":true,"href":"https:\/\/test.techcobenin.com\/index.php\/wp-json\/wp\/v2\/product_cat?post=2602"},{"taxonomy":"product_tag","embeddable":true,"href":"https:\/\/test.techcobenin.com\/index.php\/wp-json\/wp\/v2\/product_tag?post=2602"}],"curies":[{"name":"wp","href":"https:\/\/api.w.org\/{rel}","templated":true}]}}