{"id":2600,"date":"2025-12-11T12:36:12","date_gmt":"2025-12-11T11:36:12","guid":{"rendered":"https:\/\/test.techcobenin.com\/?post_type=product&#038;p=2600"},"modified":"2025-12-11T12:36:12","modified_gmt":"2025-12-11T11:36:12","slug":"jouet-lave-vaisselle-pour-enfants","status":"publish","type":"product","link":"https:\/\/test.techcobenin.com\/index.php\/produit\/jouet-lave-vaisselle-pour-enfants\/","title":{"rendered":"Jouet lave-vaisselle pour enfants"},"content":{"rendered":"<ul data-hveid=\"CBMQAQ\" data-ved=\"2ahUKEwjxsuT3t7WRAxUCUaQEHRlxHLgQm_YKegQIExAB\">\n<li><span data-huuid=\"8997135770548108405\">Le robinet \u00e9lectrique fait circuler automatiquement l&rsquo;eau pour un jeu r\u00e9aliste.<span class=\"pjBG2e\" data-cid=\"1c89e82f-da82-4643-8e8e-1992fd61f6f9\"><span class=\"UV3uM\">\u00a0<\/span><\/span><\/span>\n<div class=\"NPrrbc\" data-cid=\"1c89e82f-da82-4643-8e8e-1992fd61f6f9\" data-uuids=\"8997135770548108405\">\n<div class=\"BMebGe btku5b LwdV0e FR7ZSc OJeuxf\" role=\"button\" aria-label=\"Afficher les liens associ\u00e9s\" data-hveid=\"CAkQAQ\" data-ved=\"2ahUKEwjxsuT3t7WRAxUCUaQEHRlxHLgQ3fYKegQICRAB\">\n<div class=\"niO4u\"><\/div>\n<\/div>\n<\/div>\n<\/li>\n<li><span data-huuid=\"8997135770548107975\">Il vise \u00e0 am\u00e9liorer les capacit\u00e9s pratiques et la confiance des enfants.<span class=\"pjBG2e\" data-cid=\"25ae273d-5194-4653-bb83-d56375a33faa\"><span class=\"UV3uM\">\u00a0<\/span><\/span><\/span>\n<div class=\"NPrrbc\" data-cid=\"25ae273d-5194-4653-bb83-d56375a33faa\" data-uuids=\"8997135770548107975\">\n<div class=\"BMebGe btku5b LwdV0e FR7ZSc OJeuxf\" role=\"button\" aria-label=\"Afficher les liens associ\u00e9s\" data-hveid=\"CAwQAQ\" data-ved=\"2ahUKEwjxsuT3t7WRAxUCUaQEHRlxHLgQ3fYKegQIDBAB\">\n<div class=\"niO4u\"><\/div>\n<\/div>\n<\/div>\n<\/li>\n<li><span data-huuid=\"8997135770548107545\">L&rsquo;ensemble comprend divers accessoires de cuisine et des aliments factices.<span class=\"pjBG2e\" data-cid=\"26286b51-71a9-4e64-871b-ffa81178d95d\"><span class=\"UV3uM\">\u00a0<\/span><\/span><\/span>\n<div class=\"NPrrbc\" data-cid=\"26286b51-71a9-4e64-871b-ffa81178d95d\" data-uuids=\"8997135770548107545\">\n<div class=\"BMebGe btku5b LwdV0e FR7ZSc OJeuxf\" role=\"button\" aria-label=\"Afficher les liens associ\u00e9s\" data-hveid=\"CA4QAQ\" data-ved=\"2ahUKEwjxsuT3t7WRAxUCUaQEHRlxHLgQ3fYKegQIDhAB\">\n<div class=\"niO4u\"><\/div>\n<\/div>\n<\/div>\n<\/li>\n<li><span data-huuid=\"8997135770548107115\">Le jouet est recommand\u00e9 pour les enfants de 3 ans et plus.<span class=\"pjBG2e\" data-cid=\"670d3fa9-65f4-4b3a-845b-dafa499a377a\"><span class=\"UV3uM\">\u00a0<\/span><\/span><\/span><\/li>\n<\/ul>\n","protected":false},"excerpt":{"rendered":"<p><span role=\"heading\">Con\u00e7u pour le jeu de r\u00f4le et l&rsquo;interaction parent-enfant.<\/span><span class=\"pjBG2e\" data-cid=\"acacb75d-4e3d-4d6c-a9a3-0ec4425a0091\"><span class=\"UV3uM\">\u00a0<\/span><\/span><\/p>\n","protected":false},"featured_media":2184,"template":"","meta":[],"product_brand":[],"product_cat":[68],"product_tag":[],"class_list":{"0":"post-2600","1":"product","2":"type-product","3":"status-publish","4":"has-post-thumbnail","6":"product_cat-jouets-eveils","8":"first","9":"instock","10":"shipping-taxable","11":"purchasable","12":"product-type-simple"},"_links":{"self":[{"href":"https:\/\/test.techcobenin.com\/index.php\/wp-json\/wp\/v2\/product\/2600","targetHints":{"allow":["GET"]}}],"collection":[{"href":"https:\/\/test.techcobenin.com\/index.php\/wp-json\/wp\/v2\/product"}],"about":[{"href":"https:\/\/test.techcobenin.com\/index.php\/wp-json\/wp\/v2\/types\/product"}],"version-history":[{"count":1,"href":"https:\/\/test.techcobenin.com\/index.php\/wp-json\/wp\/v2\/product\/2600\/revisions"}],"predecessor-version":[{"id":2601,"href":"https:\/\/test.techcobenin.com\/index.php\/wp-json\/wp\/v2\/product\/2600\/revisions\/2601"}],"wp:featuredmedia":[{"embeddable":true,"href":"https:\/\/test.techcobenin.com\/index.php\/wp-json\/wp\/v2\/media\/2184"}],"wp:attachment":[{"href":"https:\/\/test.techcobenin.com\/index.php\/wp-json\/wp\/v2\/media?parent=2600"}],"wp:term":[{"taxonomy":"product_brand","embeddable":true,"href":"https:\/\/test.techcobenin.com\/index.php\/wp-json\/wp\/v2\/product_brand?post=2600"},{"taxonomy":"product_cat","embeddable":true,"href":"https:\/\/test.techcobenin.com\/index.php\/wp-json\/wp\/v2\/product_cat?post=2600"},{"taxonomy":"product_tag","embeddable":true,"href":"https:\/\/test.techcobenin.com\/index.php\/wp-json\/wp\/v2\/product_tag?post=2600"}],"curies":[{"name":"wp","href":"https:\/\/api.w.org\/{rel}","templated":true}]}}