{"id":2500,"date":"2025-12-06T14:03:50","date_gmt":"2025-12-06T13:03:50","guid":{"rendered":"https:\/\/test.techcobenin.com\/?post_type=product&#038;p=2500"},"modified":"2025-12-06T14:03:50","modified_gmt":"2025-12-06T13:03:50","slug":"ensemble-de-cuisine-jouet-pour-enfants","status":"publish","type":"product","link":"https:\/\/test.techcobenin.com\/index.php\/produit\/ensemble-de-cuisine-jouet-pour-enfants\/","title":{"rendered":"Ensemble de cuisine jouet pour enfants"},"content":{"rendered":"<ul class=\"KsbFXc U6u95\" data-complete=\"true\" data-processed=\"true\">\n<li data-hveid=\"CAQQAw\" data-complete=\"true\" data-sae=\"\"><span class=\"T286Pc\" data-sfc-cp=\"\" data-complete=\"true\">L&#8217;emballage comprend une poup\u00e9e de style Barbie v\u00eatue d&rsquo;une robe jaune, ainsi qu&rsquo;une vari\u00e9t\u00e9 d&rsquo;accessoires de cuisine miniatures, notamment des casseroles, des po\u00eales avec des \u0153ufs au plat, des fruits et l\u00e9gumes en plastique \u00e0 couper, et divers ustensiles.<\/span><\/li>\n<li data-hveid=\"CAQQBA\" data-complete=\"true\" data-sae=\"\"><span class=\"T286Pc\" data-sfc-cp=\"\" data-complete=\"true\"><strong class=\"Yjhzub\" data-complete=\"true\">Caract\u00e9ristique :<\/strong>\u00a0Le jouet favorise le jeu de r\u00f4le imaginatif et aide \u00e0 d\u00e9velopper la cr\u00e9ativit\u00e9 et les comp\u00e9tences cognitives des enfants.<\/span><\/li>\n<\/ul>\n","protected":false},"excerpt":{"rendered":"<p>Adapt\u00e9 aux enfants de 3 ans et plus.<\/p>\n","protected":false},"featured_media":2195,"template":"","meta":[],"product_brand":[],"product_cat":[68],"product_tag":[],"class_list":{"0":"post-2500","1":"product","2":"type-product","3":"status-publish","4":"has-post-thumbnail","6":"product_cat-jouets-eveils","8":"first","9":"instock","10":"shipping-taxable","11":"purchasable","12":"product-type-simple"},"_links":{"self":[{"href":"https:\/\/test.techcobenin.com\/index.php\/wp-json\/wp\/v2\/product\/2500","targetHints":{"allow":["GET"]}}],"collection":[{"href":"https:\/\/test.techcobenin.com\/index.php\/wp-json\/wp\/v2\/product"}],"about":[{"href":"https:\/\/test.techcobenin.com\/index.php\/wp-json\/wp\/v2\/types\/product"}],"version-history":[{"count":1,"href":"https:\/\/test.techcobenin.com\/index.php\/wp-json\/wp\/v2\/product\/2500\/revisions"}],"predecessor-version":[{"id":2501,"href":"https:\/\/test.techcobenin.com\/index.php\/wp-json\/wp\/v2\/product\/2500\/revisions\/2501"}],"wp:featuredmedia":[{"embeddable":true,"href":"https:\/\/test.techcobenin.com\/index.php\/wp-json\/wp\/v2\/media\/2195"}],"wp:attachment":[{"href":"https:\/\/test.techcobenin.com\/index.php\/wp-json\/wp\/v2\/media?parent=2500"}],"wp:term":[{"taxonomy":"product_brand","embeddable":true,"href":"https:\/\/test.techcobenin.com\/index.php\/wp-json\/wp\/v2\/product_brand?post=2500"},{"taxonomy":"product_cat","embeddable":true,"href":"https:\/\/test.techcobenin.com\/index.php\/wp-json\/wp\/v2\/product_cat?post=2500"},{"taxonomy":"product_tag","embeddable":true,"href":"https:\/\/test.techcobenin.com\/index.php\/wp-json\/wp\/v2\/product_tag?post=2500"}],"curies":[{"name":"wp","href":"https:\/\/api.w.org\/{rel}","templated":true}]}}