{"id":2495,"date":"2025-12-06T13:46:13","date_gmt":"2025-12-06T12:46:13","guid":{"rendered":"https:\/\/test.techcobenin.com\/?post_type=product&#038;p=2495"},"modified":"2025-12-06T13:46:13","modified_gmt":"2025-12-06T12:46:13","slug":"jouet-aspirateur","status":"publish","type":"product","link":"https:\/\/test.techcobenin.com\/index.php\/produit\/jouet-aspirateur\/","title":{"rendered":"Jouet aspirateur"},"content":{"rendered":"<ul data-hveid=\"CBcQAQ\" data-ved=\"2ahUKEwj09pe0_KiRAxUIdqQEHT25MKEQm_YKegQIFxAB\">\n<li><span data-huuid=\"15138514466658390676\">Ce jouet d&rsquo;imitation permet aux enfants de faire semblant d&rsquo;aider aux t\u00e2ches m\u00e9nag\u00e8res.<span class=\"pjBG2e\" data-cid=\"520158cf-7d62-4701-95c3-05a7d333ebd2\"><span class=\"UV3uM\">\u00a0<\/span><\/span><\/span>\n<div class=\"NPrrbc\" data-cid=\"520158cf-7d62-4701-95c3-05a7d333ebd2\" data-uuids=\"15138514466658390676\">\n<div class=\"BMebGe btku5b LwdV0e FR7ZSc OJeuxf\" role=\"button\" aria-label=\"Afficher les liens associ\u00e9s\" data-hveid=\"CA8QAQ\" data-ved=\"2ahUKEwj09pe0_KiRAxUIdqQEHT25MKEQ3fYKegQIDxAB\">\n<div class=\"niO4u\"><\/div>\n<\/div>\n<\/div>\n<\/li>\n<li><span data-huuid=\"15138514466658391490\">Il peut produire des sons r\u00e9alistes et simuler une action d&rsquo;aspiration, parfois avec des billes qui tournent dans un compartiment transparent.<span class=\"pjBG2e\" data-cid=\"bb6c2511-89cb-40dc-9569-337e6e180e79\"><span class=\"UV3uM\">\u00a0<\/span><\/span><\/span>\n<div class=\"NPrrbc\" data-cid=\"bb6c2511-89cb-40dc-9569-337e6e180e79\" data-uuids=\"15138514466658391490\">\n<div class=\"BMebGe btku5b LwdV0e FR7ZSc OJeuxf\" role=\"button\" aria-label=\"Afficher les liens associ\u00e9s\" data-hveid=\"CBEQAQ\" data-ved=\"2ahUKEwj09pe0_KiRAxUIdqQEHT25MKEQ3fYKegQIERAB\">\n<div class=\"niO4u\"><\/div>\n<\/div>\n<\/div>\n<\/li>\n<li><span data-huuid=\"15138514466658392304\">Il ne ramasse g\u00e9n\u00e9ralement pas la poussi\u00e8re comme un vrai aspirateur, mais est destin\u00e9 au jeu imaginatif.<span class=\"pjBG2e\" data-cid=\"93416d06-cb92-4ff1-b294-519465291744\"><span class=\"UV3uM\">\u00a0<\/span><\/span><\/span><\/li>\n<\/ul>\n","protected":false},"excerpt":{"rendered":"<p><span role=\"heading\">Con\u00e7u pour les enfants de 3 ans et plus.<\/span><span class=\"pjBG2e\" data-cid=\"32c39e10-a328-48ec-aeea-cc5b321896d7\"><span class=\"UV3uM\">\u00a0<\/span><\/span><\/p>\n","protected":false},"featured_media":2146,"template":"","meta":[],"product_brand":[],"product_cat":[68],"product_tag":[],"class_list":{"0":"post-2495","1":"product","2":"type-product","3":"status-publish","4":"has-post-thumbnail","6":"product_cat-jouets-eveils","8":"first","9":"instock","10":"shipping-taxable","11":"purchasable","12":"product-type-simple"},"_links":{"self":[{"href":"https:\/\/test.techcobenin.com\/index.php\/wp-json\/wp\/v2\/product\/2495","targetHints":{"allow":["GET"]}}],"collection":[{"href":"https:\/\/test.techcobenin.com\/index.php\/wp-json\/wp\/v2\/product"}],"about":[{"href":"https:\/\/test.techcobenin.com\/index.php\/wp-json\/wp\/v2\/types\/product"}],"version-history":[{"count":2,"href":"https:\/\/test.techcobenin.com\/index.php\/wp-json\/wp\/v2\/product\/2495\/revisions"}],"predecessor-version":[{"id":2497,"href":"https:\/\/test.techcobenin.com\/index.php\/wp-json\/wp\/v2\/product\/2495\/revisions\/2497"}],"wp:featuredmedia":[{"embeddable":true,"href":"https:\/\/test.techcobenin.com\/index.php\/wp-json\/wp\/v2\/media\/2146"}],"wp:attachment":[{"href":"https:\/\/test.techcobenin.com\/index.php\/wp-json\/wp\/v2\/media?parent=2495"}],"wp:term":[{"taxonomy":"product_brand","embeddable":true,"href":"https:\/\/test.techcobenin.com\/index.php\/wp-json\/wp\/v2\/product_brand?post=2495"},{"taxonomy":"product_cat","embeddable":true,"href":"https:\/\/test.techcobenin.com\/index.php\/wp-json\/wp\/v2\/product_cat?post=2495"},{"taxonomy":"product_tag","embeddable":true,"href":"https:\/\/test.techcobenin.com\/index.php\/wp-json\/wp\/v2\/product_tag?post=2495"}],"curies":[{"name":"wp","href":"https:\/\/api.w.org\/{rel}","templated":true}]}}