{"id":2467,"date":"2025-12-05T15:08:43","date_gmt":"2025-12-05T14:08:43","guid":{"rendered":"https:\/\/test.techcobenin.com\/?post_type=product&#038;p=2467"},"modified":"2025-12-05T15:08:43","modified_gmt":"2025-12-05T14:08:43","slug":"ensemble-de-cuisine-jouet-educatif-pour-enfants","status":"publish","type":"product","link":"https:\/\/test.techcobenin.com\/index.php\/produit\/ensemble-de-cuisine-jouet-educatif-pour-enfants\/","title":{"rendered":"Ensemble de cuisine jouet \u00e9ducatif pour enfants"},"content":{"rendered":"<ul data-hveid=\"CA0QAQ\" data-ved=\"2ahUKEwin3_mBzqaRAxUYAfsDHfEpPWkQm_YKegQIDRAB\">\n<li><span data-huuid=\"3174841704408964919\">L&rsquo;ensemble comprend un grand nombre d&rsquo;accessoires tels que des ustensiles, des casseroles, de la vaisselle et des aliments.<\/span><\/li>\n<li><span data-huuid=\"3174841704408961249\">Il est dot\u00e9 de lumi\u00e8res et de sons r\u00e9alistes pour une exp\u00e9rience de jeu immersive.<\/span><\/li>\n<li><span data-huuid=\"3174841704408961675\">Une caract\u00e9ristique notable est que l&rsquo;eau coule r\u00e9ellement du robinet.<\/span><\/li>\n<li><span data-huuid=\"3174841704408962101\">Ce type de jouet est id\u00e9al pour stimuler l&rsquo;imagination et le jeu de r\u00f4le chez les enfants.<\/span><\/li>\n<\/ul>\n","protected":false},"excerpt":{"rendered":"<p>L&rsquo;ensemble comprend un grand nombre d&rsquo;accessoires tels que des ustensiles, des casseroles, de la vaisselle et des aliments. Il est<\/p>\n","protected":false},"featured_media":2174,"template":"","meta":[],"product_brand":[],"product_cat":[68,100],"product_tag":[],"class_list":{"0":"post-2467","1":"product","2":"type-product","3":"status-publish","4":"has-post-thumbnail","6":"product_cat-jouets-eveils","7":"product_cat-nouveaute","9":"first","10":"instock","11":"shipping-taxable","12":"purchasable","13":"product-type-simple"},"_links":{"self":[{"href":"https:\/\/test.techcobenin.com\/index.php\/wp-json\/wp\/v2\/product\/2467","targetHints":{"allow":["GET"]}}],"collection":[{"href":"https:\/\/test.techcobenin.com\/index.php\/wp-json\/wp\/v2\/product"}],"about":[{"href":"https:\/\/test.techcobenin.com\/index.php\/wp-json\/wp\/v2\/types\/product"}],"version-history":[{"count":2,"href":"https:\/\/test.techcobenin.com\/index.php\/wp-json\/wp\/v2\/product\/2467\/revisions"}],"predecessor-version":[{"id":2469,"href":"https:\/\/test.techcobenin.com\/index.php\/wp-json\/wp\/v2\/product\/2467\/revisions\/2469"}],"wp:featuredmedia":[{"embeddable":true,"href":"https:\/\/test.techcobenin.com\/index.php\/wp-json\/wp\/v2\/media\/2174"}],"wp:attachment":[{"href":"https:\/\/test.techcobenin.com\/index.php\/wp-json\/wp\/v2\/media?parent=2467"}],"wp:term":[{"taxonomy":"product_brand","embeddable":true,"href":"https:\/\/test.techcobenin.com\/index.php\/wp-json\/wp\/v2\/product_brand?post=2467"},{"taxonomy":"product_cat","embeddable":true,"href":"https:\/\/test.techcobenin.com\/index.php\/wp-json\/wp\/v2\/product_cat?post=2467"},{"taxonomy":"product_tag","embeddable":true,"href":"https:\/\/test.techcobenin.com\/index.php\/wp-json\/wp\/v2\/product_tag?post=2467"}],"curies":[{"name":"wp","href":"https:\/\/api.w.org\/{rel}","templated":true}]}}