{"id":2458,"date":"2025-12-05T14:31:17","date_gmt":"2025-12-05T13:31:17","guid":{"rendered":"https:\/\/test.techcobenin.com\/?post_type=product&#038;p=2458"},"modified":"2025-12-05T14:31:17","modified_gmt":"2025-12-05T13:31:17","slug":"jouet-coiffeuse-enfant-fille-jeux-enfant-3-ans","status":"publish","type":"product","link":"https:\/\/test.techcobenin.com\/index.php\/produit\/jouet-coiffeuse-enfant-fille-jeux-enfant-3-ans\/","title":{"rendered":"Jouet Coiffeuse Enfant Fille , Jeux Enfant 3 Ans"},"content":{"rendered":"","protected":false},"excerpt":{"rendered":"<ul data-hveid=\"CA4QAQ\" data-ved=\"2ahUKEwjSwY2MxqaRAxXiVKQEHRXRCI0Qm_YKegQIDhAB\">\n<li><span data-huuid=\"10632039250910232584\">Comprend divers accessoires de beaut\u00e9 et de soins dentaires factices.<\/span><\/li>\n<li><span data-huuid=\"10632039250910232826\">Dispose d&rsquo;un miroir \u00e9clair\u00e9 et d&rsquo;un \u00e9vier avec un robinet fonctionnel (n\u00e9cessite de l&rsquo;eau).<\/span><\/li>\n<li><span data-huuid=\"10632039250910233068\">Comprend un tabouret assorti.<\/span><\/li>\n<\/ul>\n","protected":false},"featured_media":2176,"template":"","meta":[],"product_brand":[],"product_cat":[68,100],"product_tag":[],"class_list":{"0":"post-2458","1":"product","2":"type-product","3":"status-publish","4":"has-post-thumbnail","6":"product_cat-jouets-eveils","7":"product_cat-nouveaute","9":"first","10":"instock","11":"shipping-taxable","12":"purchasable","13":"product-type-simple"},"_links":{"self":[{"href":"https:\/\/test.techcobenin.com\/index.php\/wp-json\/wp\/v2\/product\/2458","targetHints":{"allow":["GET"]}}],"collection":[{"href":"https:\/\/test.techcobenin.com\/index.php\/wp-json\/wp\/v2\/product"}],"about":[{"href":"https:\/\/test.techcobenin.com\/index.php\/wp-json\/wp\/v2\/types\/product"}],"version-history":[{"count":2,"href":"https:\/\/test.techcobenin.com\/index.php\/wp-json\/wp\/v2\/product\/2458\/revisions"}],"predecessor-version":[{"id":2460,"href":"https:\/\/test.techcobenin.com\/index.php\/wp-json\/wp\/v2\/product\/2458\/revisions\/2460"}],"wp:featuredmedia":[{"embeddable":true,"href":"https:\/\/test.techcobenin.com\/index.php\/wp-json\/wp\/v2\/media\/2176"}],"wp:attachment":[{"href":"https:\/\/test.techcobenin.com\/index.php\/wp-json\/wp\/v2\/media?parent=2458"}],"wp:term":[{"taxonomy":"product_brand","embeddable":true,"href":"https:\/\/test.techcobenin.com\/index.php\/wp-json\/wp\/v2\/product_brand?post=2458"},{"taxonomy":"product_cat","embeddable":true,"href":"https:\/\/test.techcobenin.com\/index.php\/wp-json\/wp\/v2\/product_cat?post=2458"},{"taxonomy":"product_tag","embeddable":true,"href":"https:\/\/test.techcobenin.com\/index.php\/wp-json\/wp\/v2\/product_tag?post=2458"}],"curies":[{"name":"wp","href":"https:\/\/api.w.org\/{rel}","templated":true}]}}