{"id":2273,"date":"2025-12-02T18:44:33","date_gmt":"2025-12-02T17:44:33","guid":{"rendered":"https:\/\/test.techcobenin.com\/?post_type=product&#038;p=2273"},"modified":"2025-12-02T18:44:33","modified_gmt":"2025-12-02T17:44:33","slug":"gourde","status":"publish","type":"product","link":"https:\/\/test.techcobenin.com\/index.php\/produit\/gourde\/","title":{"rendered":"Gourde"},"content":{"rendered":"","protected":false},"excerpt":{"rendered":"<p>Id\u00e9ale pour l&rsquo;\u00e9cole, le travail, les voyages, la randonn\u00e9e, le v\u00e9lo et le camping<\/p>\n","protected":false},"featured_media":2330,"template":"","meta":[],"product_brand":[],"product_cat":[65,77],"product_tag":[],"class_list":{"0":"post-2273","1":"product","2":"type-product","3":"status-publish","4":"has-post-thumbnail","6":"product_cat-rentree-scolaire","7":"product_cat-gourde","9":"first","10":"instock","11":"shipping-taxable","12":"purchasable","13":"product-type-simple"},"_links":{"self":[{"href":"https:\/\/test.techcobenin.com\/index.php\/wp-json\/wp\/v2\/product\/2273","targetHints":{"allow":["GET"]}}],"collection":[{"href":"https:\/\/test.techcobenin.com\/index.php\/wp-json\/wp\/v2\/product"}],"about":[{"href":"https:\/\/test.techcobenin.com\/index.php\/wp-json\/wp\/v2\/types\/product"}],"version-history":[{"count":3,"href":"https:\/\/test.techcobenin.com\/index.php\/wp-json\/wp\/v2\/product\/2273\/revisions"}],"predecessor-version":[{"id":2340,"href":"https:\/\/test.techcobenin.com\/index.php\/wp-json\/wp\/v2\/product\/2273\/revisions\/2340"}],"wp:featuredmedia":[{"embeddable":true,"href":"https:\/\/test.techcobenin.com\/index.php\/wp-json\/wp\/v2\/media\/2330"}],"wp:attachment":[{"href":"https:\/\/test.techcobenin.com\/index.php\/wp-json\/wp\/v2\/media?parent=2273"}],"wp:term":[{"taxonomy":"product_brand","embeddable":true,"href":"https:\/\/test.techcobenin.com\/index.php\/wp-json\/wp\/v2\/product_brand?post=2273"},{"taxonomy":"product_cat","embeddable":true,"href":"https:\/\/test.techcobenin.com\/index.php\/wp-json\/wp\/v2\/product_cat?post=2273"},{"taxonomy":"product_tag","embeddable":true,"href":"https:\/\/test.techcobenin.com\/index.php\/wp-json\/wp\/v2\/product_tag?post=2273"}],"curies":[{"name":"wp","href":"https:\/\/api.w.org\/{rel}","templated":true}]}}