{"id":1822,"date":"2025-11-24T13:52:26","date_gmt":"2025-11-24T12:52:26","guid":{"rendered":"https:\/\/test.techcobenin.com\/?post_type=product&#038;p=1822"},"modified":"2025-11-24T13:52:51","modified_gmt":"2025-11-24T12:52:51","slug":"kangourou-porte-bebe-infantino","status":"publish","type":"product","link":"https:\/\/test.techcobenin.com\/index.php\/produit\/kangourou-porte-bebe-infantino\/","title":{"rendered":"Kangourou Porte-b\u00e9b\u00e9 Infantino"},"content":{"rendered":"<p>Offrez confort et s\u00e9curit\u00e9 \u00e0 votre b\u00e9b\u00e9 avec ce porte-b\u00e9b\u00e9 ergonomique dot\u00e9 d&rsquo;une capuche protectrice. Parfait pour les sorties, il assure un excellent maintien tout en r\u00e9duisant la pression sur le dos des parents. Con\u00e7u avec des mat\u00e9riaux doux et respirants, il convient d\u00e8s la naissance et jusqu&rsquo;\u00e0 12 kg.<\/p>\n","protected":false},"excerpt":{"rendered":"<p>Offrez confort et s\u00e9curit\u00e9 \u00e0 votre b\u00e9b\u00e9 avec ce porte-b\u00e9b\u00e9 ergonomique dot\u00e9 d&rsquo;une capuche protectrice. Parfait pour les sorties, il<\/p>\n","protected":false},"featured_media":1825,"template":"","meta":[],"product_brand":[],"product_cat":[59,90],"product_tag":[],"class_list":{"0":"post-1822","1":"product","2":"type-product","3":"status-publish","4":"has-post-thumbnail","6":"product_cat-espace-maman","7":"product_cat-porte-bebes","9":"first","10":"instock","11":"shipping-taxable","12":"purchasable","13":"product-type-simple"},"_links":{"self":[{"href":"https:\/\/test.techcobenin.com\/index.php\/wp-json\/wp\/v2\/product\/1822","targetHints":{"allow":["GET"]}}],"collection":[{"href":"https:\/\/test.techcobenin.com\/index.php\/wp-json\/wp\/v2\/product"}],"about":[{"href":"https:\/\/test.techcobenin.com\/index.php\/wp-json\/wp\/v2\/types\/product"}],"version-history":[{"count":1,"href":"https:\/\/test.techcobenin.com\/index.php\/wp-json\/wp\/v2\/product\/1822\/revisions"}],"predecessor-version":[{"id":1828,"href":"https:\/\/test.techcobenin.com\/index.php\/wp-json\/wp\/v2\/product\/1822\/revisions\/1828"}],"wp:featuredmedia":[{"embeddable":true,"href":"https:\/\/test.techcobenin.com\/index.php\/wp-json\/wp\/v2\/media\/1825"}],"wp:attachment":[{"href":"https:\/\/test.techcobenin.com\/index.php\/wp-json\/wp\/v2\/media?parent=1822"}],"wp:term":[{"taxonomy":"product_brand","embeddable":true,"href":"https:\/\/test.techcobenin.com\/index.php\/wp-json\/wp\/v2\/product_brand?post=1822"},{"taxonomy":"product_cat","embeddable":true,"href":"https:\/\/test.techcobenin.com\/index.php\/wp-json\/wp\/v2\/product_cat?post=1822"},{"taxonomy":"product_tag","embeddable":true,"href":"https:\/\/test.techcobenin.com\/index.php\/wp-json\/wp\/v2\/product_tag?post=1822"}],"curies":[{"name":"wp","href":"https:\/\/api.w.org\/{rel}","templated":true}]}}