{"id":1791,"date":"2025-11-22T14:36:48","date_gmt":"2025-11-22T13:36:48","guid":{"rendered":"https:\/\/test.techcobenin.com\/?post_type=product&#038;p=1791"},"modified":"2025-11-22T16:44:38","modified_gmt":"2025-11-22T15:44:38","slug":"sofa-canape-dapprentissage-avec-jouets-2","status":"publish","type":"product","link":"https:\/\/test.techcobenin.com\/index.php\/produit\/sofa-canape-dapprentissage-avec-jouets-2\/","title":{"rendered":"Sofa (canap\u00e9 d&rsquo;apprentissage) avec jouets"},"content":{"rendered":"<ul class=\"KsbFXc U6u95\" data-complete=\"true\" data-processed=\"true\">\n<li data-hveid=\"CAQQAA\" data-complete=\"true\" data-sae=\"\"><span class=\"T286Pc\" data-sfc-cp=\"\" data-complete=\"true\"><strong class=\"Yjhzub\" data-complete=\"true\">Type de produit :<\/strong>\u00a0Si\u00e8ge d&rsquo;appui pour b\u00e9b\u00e9 ou canap\u00e9 d&rsquo;apprentissage.<\/span><\/li>\n<li data-hveid=\"CAQQAQ\" data-complete=\"true\" data-sae=\"\"><span class=\"T286Pc\" data-sfc-cp=\"\" data-complete=\"true\"><span class=\"T286Pc\" data-sfc-cp=\"\" data-complete=\"true\"><strong class=\"Yjhzub\" data-complete=\"true\">Utilisation :<\/strong> Con\u00e7u pour les b\u00e9b\u00e9s capables de soutenir leur t\u00eate, g\u00e9n\u00e9ralement d\u00e8s 3<\/span><\/span><span class=\"T286Pc\" data-sfc-cp=\"\" data-complete=\"true\">mois.<\/span><\/li>\n<li data-hveid=\"CAQQAQ\" data-complete=\"true\" data-sae=\"\"><span class=\"T286Pc\" data-sfc-cp=\"\" data-complete=\"true\"><strong class=\"Yjhzub\" data-complete=\"true\">S\u00e9curit\u00e9 :<\/strong> Il offre un soutien complet pour aider \u00e0 maintenir une posture assise stable, mais les b\u00e9b\u00e9s doivent \u00eatre surveill\u00e9s en permanence pendant l&rsquo;utilisation.<\/span><\/li>\n<\/ul>\n","protected":false},"excerpt":{"rendered":"<p>S<strong class=\"Yjhzub\" data-complete=\"true\" data-processed=\"true\">i\u00e8ge de sol en peluche pour b\u00e9b\u00e9<\/strong>\u00a0avec une arche de jeu int\u00e9gr\u00e9e, con\u00e7u pour aider les nourrissons \u00e0 apprendre \u00e0 s&rsquo;asseoir.<\/p>\n","protected":false},"featured_media":1786,"template":"","meta":[],"product_brand":[],"product_cat":[106,103,69],"product_tag":[],"class_list":{"0":"post-1791","1":"product","2":"type-product","3":"status-publish","4":"has-post-thumbnail","6":"product_cat-produits-populaires","7":"product_cat-sofa","8":"product_cat-puericulture","10":"first","11":"instock","12":"shipping-taxable","13":"purchasable","14":"product-type-simple"},"_links":{"self":[{"href":"https:\/\/test.techcobenin.com\/index.php\/wp-json\/wp\/v2\/product\/1791","targetHints":{"allow":["GET"]}}],"collection":[{"href":"https:\/\/test.techcobenin.com\/index.php\/wp-json\/wp\/v2\/product"}],"about":[{"href":"https:\/\/test.techcobenin.com\/index.php\/wp-json\/wp\/v2\/types\/product"}],"version-history":[{"count":1,"href":"https:\/\/test.techcobenin.com\/index.php\/wp-json\/wp\/v2\/product\/1791\/revisions"}],"predecessor-version":[{"id":1792,"href":"https:\/\/test.techcobenin.com\/index.php\/wp-json\/wp\/v2\/product\/1791\/revisions\/1792"}],"wp:featuredmedia":[{"embeddable":true,"href":"https:\/\/test.techcobenin.com\/index.php\/wp-json\/wp\/v2\/media\/1786"}],"wp:attachment":[{"href":"https:\/\/test.techcobenin.com\/index.php\/wp-json\/wp\/v2\/media?parent=1791"}],"wp:term":[{"taxonomy":"product_brand","embeddable":true,"href":"https:\/\/test.techcobenin.com\/index.php\/wp-json\/wp\/v2\/product_brand?post=1791"},{"taxonomy":"product_cat","embeddable":true,"href":"https:\/\/test.techcobenin.com\/index.php\/wp-json\/wp\/v2\/product_cat?post=1791"},{"taxonomy":"product_tag","embeddable":true,"href":"https:\/\/test.techcobenin.com\/index.php\/wp-json\/wp\/v2\/product_tag?post=1791"}],"curies":[{"name":"wp","href":"https:\/\/api.w.org\/{rel}","templated":true}]}}