{"id":1773,"date":"2025-11-22T14:18:50","date_gmt":"2025-11-22T13:18:50","guid":{"rendered":"https:\/\/test.techcobenin.com\/?post_type=product&#038;p=1773"},"modified":"2025-11-22T14:18:50","modified_gmt":"2025-11-22T13:18:50","slug":"biberon-a-eau-momeasy-6m-180ml","status":"publish","type":"product","link":"https:\/\/test.techcobenin.com\/index.php\/produit\/biberon-a-eau-momeasy-6m-180ml\/","title":{"rendered":"Biberon \u00e0 eau momeasy 6m+ (180ml)"},"content":{"rendered":"<div class=\"AdPoic\" role=\"heading\" data-animation-nesting=\"\" data-sfc-cp=\"\" data-processed=\"true\" data-sae=\"\" data-complete=\"true\">Caract\u00e9ristiques principales:<\/div>\n<div role=\"heading\" data-animation-nesting=\"\" data-sfc-cp=\"\" data-processed=\"true\" data-sae=\"\" data-complete=\"true\"><\/div>\n<ul class=\"KsbFXc U6u95\" data-processed=\"true\" data-complete=\"true\">\n<li data-hveid=\"CAQQAA\" data-complete=\"true\" data-sae=\"\"><span class=\"T286Pc\" data-sfc-cp=\"\" data-complete=\"true\"><strong class=\"Yjhzub\" data-complete=\"true\">S\u00e9curit\u00e9 :<\/strong>\u00a0Fabriqu\u00e9e en plastique sans BPA, garantissant la s\u00e9curit\u00e9 de votre enfant.<\/span><\/li>\n<li data-hveid=\"CAQQAQ\" data-complete=\"true\" data-sae=\"\"><span class=\"T286Pc\" data-sfc-cp=\"\" data-complete=\"true\"><strong class=\"Yjhzub\" data-complete=\"true\">Conception :<\/strong>\u00a0Dispose de poign\u00e9es ergonomiques faciles \u00e0 prendre en main pour les tout-petits.<\/span><\/li>\n<li data-hveid=\"CAQQAg\" data-complete=\"true\" data-sae=\"\"><span class=\"T286Pc\" data-sfc-cp=\"\" data-complete=\"true\"><strong class=\"Yjhzub\" data-complete=\"true\">Bec :<\/strong>\u00a0Le bec en silicone souple est doux pour les gencives et aide \u00e0 pr\u00e9venir les d\u00e9versements.<\/span><\/li>\n<li data-hveid=\"CAQQAw\" data-complete=\"true\" data-sae=\"\"><span class=\"T286Pc\" data-sfc-cp=\"\" data-complete=\"true\"><strong class=\"Yjhzub\" data-complete=\"true\">Entretien :<\/strong>\u00a0Facile \u00e0 nettoyer, car le couvercle peut \u00eatre retir\u00e9.<\/span><span class=\"uJ19be notranslate\" data-wiz-uids=\"KTFvUb_16,KTFvUb_17,KTFvUb_18\" data-complete=\"true\"><span class=\"vKEkVd\" data-animation-atomic=\"\" data-sae=\"\">\u00a0<\/span><\/span><\/li>\n<\/ul>\n","protected":false},"excerpt":{"rendered":"<p>La\u00a0<strong class=\"Yjhzub\" data-complete=\"true\" data-processed=\"true\">tasse d&rsquo;apprentissage Momeasy de 180 ml avec bec souple et couvercle<\/strong>\u00a0est con\u00e7ue pour aider les b\u00e9b\u00e9s de 6 mois et plus \u00e0 passer du biberon au gobelet, de mani\u00e8re ind\u00e9pendante. Elle est disponible dans une vari\u00e9t\u00e9 de couleurs assorties, notamment bleu, rose et vert menthe.<span class=\"uJ19be notranslate\" data-wiz-uids=\"KTFvUb_h,KTFvUb_i,KTFvUb_j\" data-complete=\"true\" data-processed=\"true\"><span class=\"vKEkVd\" data-animation-atomic=\"\" data-sae=\"\">\u00a0<\/span><\/span><\/p>\n","protected":false},"featured_media":1777,"template":"","meta":[],"product_brand":[],"product_cat":[66,72],"product_tag":[],"class_list":{"0":"post-1773","1":"product","2":"type-product","3":"status-publish","4":"has-post-thumbnail","6":"product_cat-repas-et-vaisselle-bebe","7":"product_cat-repas","9":"first","10":"instock","11":"shipping-taxable","12":"purchasable","13":"product-type-simple"},"_links":{"self":[{"href":"https:\/\/test.techcobenin.com\/index.php\/wp-json\/wp\/v2\/product\/1773","targetHints":{"allow":["GET"]}}],"collection":[{"href":"https:\/\/test.techcobenin.com\/index.php\/wp-json\/wp\/v2\/product"}],"about":[{"href":"https:\/\/test.techcobenin.com\/index.php\/wp-json\/wp\/v2\/types\/product"}],"version-history":[{"count":3,"href":"https:\/\/test.techcobenin.com\/index.php\/wp-json\/wp\/v2\/product\/1773\/revisions"}],"predecessor-version":[{"id":1780,"href":"https:\/\/test.techcobenin.com\/index.php\/wp-json\/wp\/v2\/product\/1773\/revisions\/1780"}],"wp:featuredmedia":[{"embeddable":true,"href":"https:\/\/test.techcobenin.com\/index.php\/wp-json\/wp\/v2\/media\/1777"}],"wp:attachment":[{"href":"https:\/\/test.techcobenin.com\/index.php\/wp-json\/wp\/v2\/media?parent=1773"}],"wp:term":[{"taxonomy":"product_brand","embeddable":true,"href":"https:\/\/test.techcobenin.com\/index.php\/wp-json\/wp\/v2\/product_brand?post=1773"},{"taxonomy":"product_cat","embeddable":true,"href":"https:\/\/test.techcobenin.com\/index.php\/wp-json\/wp\/v2\/product_cat?post=1773"},{"taxonomy":"product_tag","embeddable":true,"href":"https:\/\/test.techcobenin.com\/index.php\/wp-json\/wp\/v2\/product_tag?post=1773"}],"curies":[{"name":"wp","href":"https:\/\/api.w.org\/{rel}","templated":true}]}}