{"id":1752,"date":"2025-11-21T18:06:48","date_gmt":"2025-11-21T17:06:48","guid":{"rendered":"https:\/\/test.techcobenin.com\/?post_type=product&#038;p=1752"},"modified":"2025-11-21T18:11:55","modified_gmt":"2025-11-21T17:11:55","slug":"klorane-lait-hydratant-750ml","status":"publish","type":"product","link":"https:\/\/test.techcobenin.com\/index.php\/produit\/klorane-lait-hydratant-750ml\/","title":{"rendered":"KLORANE Lait hydratant 750ml"},"content":{"rendered":"<h2>Description :<\/h2>\n<div class=\"product info detailed\">\n<div class=\"product data items clearfix mage-tabs-disabled\" role=\"tablist\">\n<div class=\"block-content\">\n<p>La peau encore immature de b\u00e9b\u00e9 n\u00e9cessite des soins sur-mesure, doux et \u00e0 l\u2019innocuit\u00e9 prouv\u00e9e. Gr\u00e2ce au\u00a0Lait hydratant\u00a0Corps\u00a0au Calendula apaisant, obtenu \u00e0 partir de fleurs issues de culture BIO, l\u2019\u00e9piderme de\u00a0b\u00e9b\u00e9\u00a0reste hydrat\u00e9, apais\u00e9 et prot\u00e9g\u00e9. Conditionn\u00e9 dans un joli flacon-pompe qui facilite son application, le\u00a0Lait hydratant\u00a0pr\u00e9vient naturellement les sensations d\u2019inconfort et de tiraillement, pour la protection et l\u2019hydratation quotidienne de la peau des tout-petits.<\/p>\n<\/div>\n<div class=\"block-content has-heading\">\n<div class=\"block-content-heading\">\n<h3 id=\"\" class=\"\">Avantage<\/h3>\n<\/div>\n<p>Sa formule \u00e0 96 % d\u2019ingr\u00e9dients d\u2019origine naturelle test\u00e9e cliniquement sous contr\u00f4le p\u00e9diatrique** enveloppe la peau de douceur et d\u2019un tendre parfum relaxant.<\/p>\n<div class=\"block-content-heading\">\n<h3 id=\"\" class=\"\">B\u00e9n\u00e9fices<\/h3>\n<\/div>\n<p>\u2013 Hydrate : la texture fluide et non collante hydrate efficacement et durablement les peaux normales \u00e0 s\u00e8ches.<br \/>\n\u2013 Apaise : gr\u00e2ce au Calendula apaisant, le Lait procure une sensation d\u2019apaisement qui dure.<br \/>\n\u2013 Prot\u00e8ge : bien hydrat\u00e9e, la peau est prot\u00e9g\u00e9e des petites irritations et de la s\u00e9cheresse***.<\/p>\n<\/div>\n<\/div>\n<\/div>\n","protected":false},"excerpt":{"rendered":"<p>La peau encore immature de b\u00e9b\u00e9 n\u00e9cessite des soins sur-mesure, doux et \u00e0 l\u2019innocuit\u00e9 prouv\u00e9e. Gr\u00e2ce au Lait hydratant Corps au Calendula apaisant, obtenu \u00e0 partir de fleurs issues de culture BIO, l\u2019\u00e9piderme de b\u00e9b\u00e9 reste hydrat\u00e9, apais\u00e9 et prot\u00e9g\u00e9.<\/p>\n","protected":false},"featured_media":1751,"template":"","meta":[],"product_brand":[],"product_cat":[71],"product_tag":[],"class_list":{"0":"post-1752","1":"product","2":"type-product","3":"status-publish","4":"has-post-thumbnail","6":"product_cat-soins-toilette","8":"first","9":"instock","10":"shipping-taxable","11":"purchasable","12":"product-type-simple"},"_links":{"self":[{"href":"https:\/\/test.techcobenin.com\/index.php\/wp-json\/wp\/v2\/product\/1752","targetHints":{"allow":["GET"]}}],"collection":[{"href":"https:\/\/test.techcobenin.com\/index.php\/wp-json\/wp\/v2\/product"}],"about":[{"href":"https:\/\/test.techcobenin.com\/index.php\/wp-json\/wp\/v2\/types\/product"}],"version-history":[{"count":2,"href":"https:\/\/test.techcobenin.com\/index.php\/wp-json\/wp\/v2\/product\/1752\/revisions"}],"predecessor-version":[{"id":1754,"href":"https:\/\/test.techcobenin.com\/index.php\/wp-json\/wp\/v2\/product\/1752\/revisions\/1754"}],"wp:featuredmedia":[{"embeddable":true,"href":"https:\/\/test.techcobenin.com\/index.php\/wp-json\/wp\/v2\/media\/1751"}],"wp:attachment":[{"href":"https:\/\/test.techcobenin.com\/index.php\/wp-json\/wp\/v2\/media?parent=1752"}],"wp:term":[{"taxonomy":"product_brand","embeddable":true,"href":"https:\/\/test.techcobenin.com\/index.php\/wp-json\/wp\/v2\/product_brand?post=1752"},{"taxonomy":"product_cat","embeddable":true,"href":"https:\/\/test.techcobenin.com\/index.php\/wp-json\/wp\/v2\/product_cat?post=1752"},{"taxonomy":"product_tag","embeddable":true,"href":"https:\/\/test.techcobenin.com\/index.php\/wp-json\/wp\/v2\/product_tag?post=1752"}],"curies":[{"name":"wp","href":"https:\/\/api.w.org\/{rel}","templated":true}]}}