{"id":1673,"date":"2025-11-21T15:01:42","date_gmt":"2025-11-21T14:01:42","guid":{"rendered":"https:\/\/test.techcobenin.com\/?post_type=product&#038;p=1673"},"modified":"2025-12-05T14:19:34","modified_gmt":"2025-12-05T13:19:34","slug":"distributeur-de-lait-nuby","status":"publish","type":"product","link":"https:\/\/test.techcobenin.com\/index.php\/produit\/distributeur-de-lait-nuby\/","title":{"rendered":"Distributeur de lait Nuby"},"content":{"rendered":"<ul class=\"KsbFXc U6u95\" data-complete=\"true\" data-processed=\"true\">\n<li data-hveid=\"CAQQAA\" data-complete=\"true\" data-sae=\"\"><span class=\"T286Pc\" data-sfc-cp=\"\" data-complete=\"true\"><strong class=\"Yjhzub\" data-complete=\"true\">Pr\u00e9paration rapide et facile :<\/strong>\u00a0L&rsquo;appareil pr\u00e9pare un biberon en moins d&rsquo;une minute.<\/span><\/li>\n<li data-hveid=\"CAQQAQ\" data-complete=\"true\" data-sae=\"\"><span class=\"T286Pc\" data-sfc-cp=\"\" data-complete=\"true\"><strong class=\"Yjhzub\" data-complete=\"true\">Contr\u00f4le pr\u00e9cis de la temp\u00e9rature :<\/strong>\u00a0Il chauffe l&rsquo;eau \u00e0 une temp\u00e9rature id\u00e9ale et s\u00fbre pour le b\u00e9b\u00e9 (entre 37\u00b0C et 55\u00b0C).<\/span><\/li>\n<li data-hveid=\"CAQQAg\" data-complete=\"true\" data-sae=\"\"><span class=\"T286Pc\" data-sfc-cp=\"\" data-complete=\"true\"><strong class=\"Yjhzub\" data-complete=\"true\">M\u00e9lange automatique :<\/strong>\u00a0Il m\u00e9lange l&rsquo;eau et la poudre de formule automatiquement, assurant un m\u00e9lange homog\u00e8ne sans grumeaux.<\/span><\/li>\n<li data-hveid=\"CAQQAw\" data-complete=\"true\" data-sae=\"\"><span class=\"T286Pc\" data-sfc-cp=\"\" data-complete=\"true\"><strong class=\"Yjhzub\" data-complete=\"true\">Design intelligent :<\/strong>\u00a0L&rsquo;appareil est dot\u00e9 de r\u00e9servoirs pour l&rsquo;eau et la poudre de lait, ce qui facilite le processus.<\/span><\/li>\n<li data-hveid=\"CAQQBA\" data-complete=\"true\" data-sae=\"\"><span class=\"T286Pc\" data-sfc-cp=\"\" data-complete=\"true\"><strong class=\"Yjhzub\" data-complete=\"true\">Compatibilit\u00e9 :<\/strong>\u00a0La base r\u00e9glable \u00e0 trois niveaux permet d&rsquo;utiliser la plupart des tailles de biberons, de 60 ml \u00e0 330 ml.<\/span><\/li>\n<li data-hveid=\"CAQQBQ\" data-complete=\"true\" data-sae=\"\"><span class=\"T286Pc\" data-sfc-cp=\"\" data-complete=\"true\"><strong class=\"Yjhzub\" data-complete=\"true\">Facile \u00e0 nettoyer :<\/strong>\u00a0Son design pratique permet de nettoyer facilement toutes les pi\u00e8ces.<\/span><span class=\"uJ19be notranslate\" data-wiz-uids=\"bdDxC_1a,bdDxC_1b,bdDxC_1c\" data-complete=\"true\"><span class=\"vKEkVd\" data-animation-atomic=\"\" data-sae=\"\">\u00a0<\/span><\/span><\/li>\n<\/ul>\n","protected":false},"excerpt":{"rendered":"<p>Le\u00a0<strong class=\"Yjhzub\" data-complete=\"true\" data-processed=\"true\">Nuby Smart Mix Formula Maker<\/strong>\u00a0est un appareil con\u00e7u pour pr\u00e9parer automatiquement et rapidement les biberons de lait maternis\u00e9<\/p>\n","protected":false},"featured_media":1675,"template":"","meta":[],"product_brand":[],"product_cat":[66,72],"product_tag":[],"class_list":{"0":"post-1673","1":"product","2":"type-product","3":"status-publish","4":"has-post-thumbnail","6":"product_cat-repas-et-vaisselle-bebe","7":"product_cat-repas","9":"first","10":"instock","11":"shipping-taxable","12":"purchasable","13":"product-type-simple"},"_links":{"self":[{"href":"https:\/\/test.techcobenin.com\/index.php\/wp-json\/wp\/v2\/product\/1673","targetHints":{"allow":["GET"]}}],"collection":[{"href":"https:\/\/test.techcobenin.com\/index.php\/wp-json\/wp\/v2\/product"}],"about":[{"href":"https:\/\/test.techcobenin.com\/index.php\/wp-json\/wp\/v2\/types\/product"}],"version-history":[{"count":1,"href":"https:\/\/test.techcobenin.com\/index.php\/wp-json\/wp\/v2\/product\/1673\/revisions"}],"predecessor-version":[{"id":1679,"href":"https:\/\/test.techcobenin.com\/index.php\/wp-json\/wp\/v2\/product\/1673\/revisions\/1679"}],"wp:featuredmedia":[{"embeddable":true,"href":"https:\/\/test.techcobenin.com\/index.php\/wp-json\/wp\/v2\/media\/1675"}],"wp:attachment":[{"href":"https:\/\/test.techcobenin.com\/index.php\/wp-json\/wp\/v2\/media?parent=1673"}],"wp:term":[{"taxonomy":"product_brand","embeddable":true,"href":"https:\/\/test.techcobenin.com\/index.php\/wp-json\/wp\/v2\/product_brand?post=1673"},{"taxonomy":"product_cat","embeddable":true,"href":"https:\/\/test.techcobenin.com\/index.php\/wp-json\/wp\/v2\/product_cat?post=1673"},{"taxonomy":"product_tag","embeddable":true,"href":"https:\/\/test.techcobenin.com\/index.php\/wp-json\/wp\/v2\/product_tag?post=1673"}],"curies":[{"name":"wp","href":"https:\/\/api.w.org\/{rel}","templated":true}]}}