{"id":1623,"date":"2025-11-21T12:30:01","date_gmt":"2025-11-21T11:30:01","guid":{"rendered":"https:\/\/test.techcobenin.com\/?post_type=product&#038;p=1623"},"modified":"2025-11-21T15:24:45","modified_gmt":"2025-11-21T14:24:45","slug":"berceau-couffin-balancelle-mastela-h-multi-motion-baby-cradle","status":"publish","type":"product","link":"https:\/\/test.techcobenin.com\/index.php\/produit\/berceau-couffin-balancelle-mastela-h-multi-motion-baby-cradle\/","title":{"rendered":"Berceau couffin balancelle mastela H multi-motion baby cradle"},"content":{"rendered":"<h4 class=\"skK8UF\" data-hook=\"description\"><span dir=\"auto\">Ce berceau balancelle \u00e9lectrique est id\u00e9al pour les b\u00e9b\u00e9s jusqu&rsquo;\u00e0 15 kg et propose 4 positions d&rsquo;inclinaison pour s&rsquo;adapter aux besoins de votre tout-petit. Son doux mouvement apaisant favorise l&rsquo;endormissement de b\u00e9b\u00e9 et lui offre un cocon de confort et de s\u00e9curit\u00e9. Son design \u00e9l\u00e9gant et pratique en fait un indispensable de la chambre de b\u00e9b\u00e9, offrant un espace s\u00fbr et confortable pour se reposer et jouer. Offrez \u00e0 votre b\u00e9b\u00e9 un moment de d\u00e9tente et de confort avec le couffin balancelle Berceau b\u00e9b\u00e9.<\/span><\/h4>\n","protected":false},"excerpt":{"rendered":"<p>Ce berceau balancelle \u00e9lectrique est id\u00e9al pour les b\u00e9b\u00e9s jusqu&rsquo;\u00e0 15 kg et propose 4 positions d&rsquo;inclinaison pour s&rsquo;adapter aux<\/p>\n","protected":false},"featured_media":1627,"template":"","meta":[],"product_brand":[],"product_cat":[102,106,69],"product_tag":[],"class_list":{"0":"post-1623","1":"product","2":"type-product","3":"status-publish","4":"has-post-thumbnail","6":"product_cat-balancelles-et-transats","7":"product_cat-produits-populaires","8":"product_cat-puericulture","10":"first","11":"instock","12":"shipping-taxable","13":"purchasable","14":"product-type-simple"},"_links":{"self":[{"href":"https:\/\/test.techcobenin.com\/index.php\/wp-json\/wp\/v2\/product\/1623","targetHints":{"allow":["GET"]}}],"collection":[{"href":"https:\/\/test.techcobenin.com\/index.php\/wp-json\/wp\/v2\/product"}],"about":[{"href":"https:\/\/test.techcobenin.com\/index.php\/wp-json\/wp\/v2\/types\/product"}],"version-history":[{"count":5,"href":"https:\/\/test.techcobenin.com\/index.php\/wp-json\/wp\/v2\/product\/1623\/revisions"}],"predecessor-version":[{"id":1640,"href":"https:\/\/test.techcobenin.com\/index.php\/wp-json\/wp\/v2\/product\/1623\/revisions\/1640"}],"wp:featuredmedia":[{"embeddable":true,"href":"https:\/\/test.techcobenin.com\/index.php\/wp-json\/wp\/v2\/media\/1627"}],"wp:attachment":[{"href":"https:\/\/test.techcobenin.com\/index.php\/wp-json\/wp\/v2\/media?parent=1623"}],"wp:term":[{"taxonomy":"product_brand","embeddable":true,"href":"https:\/\/test.techcobenin.com\/index.php\/wp-json\/wp\/v2\/product_brand?post=1623"},{"taxonomy":"product_cat","embeddable":true,"href":"https:\/\/test.techcobenin.com\/index.php\/wp-json\/wp\/v2\/product_cat?post=1623"},{"taxonomy":"product_tag","embeddable":true,"href":"https:\/\/test.techcobenin.com\/index.php\/wp-json\/wp\/v2\/product_tag?post=1623"}],"curies":[{"name":"wp","href":"https:\/\/api.w.org\/{rel}","templated":true}]}}