{"id":1612,"date":"2025-11-20T16:40:13","date_gmt":"2025-11-20T15:40:13","guid":{"rendered":"https:\/\/test.techcobenin.com\/?post_type=product&#038;p=1612"},"modified":"2025-11-22T16:45:21","modified_gmt":"2025-11-22T15:45:21","slug":"biolane-lait-corps-peau-sensible-bebe-350-ml","status":"publish","type":"product","link":"https:\/\/test.techcobenin.com\/index.php\/produit\/biolane-lait-corps-peau-sensible-bebe-350-ml\/","title":{"rendered":"Biolane Lait Corps Peau Sensible B\u00e9b\u00e9 350 ml"},"content":{"rendered":"<h2>Description :<\/h2>\n<p><span class=\"metafield-multi_line_text_field\">Prot\u00e9ger les b\u00e9b\u00e9s, en pr\u00e9servant la nature :<br \/>\n\u2013 Un flacon d\u2019origine v\u00e9g\u00e9tale<br \/>\n\u2013 Une fabrication sur notre site vend\u00e9en<br \/>\n\u2013 Une formule \u00e0 98 % d\u2019origine naturelle<\/span><\/p>\n<p>\u00c0 quoi correspondent les 2% restants ?<br \/>\n\u2013 Un syst\u00e8me conservateur afin de garantir la s\u00e9curit\u00e9 de votre b\u00e9b\u00e9.<br \/>\n\u2013 Des agents qui assurent une formule homog\u00e8ne \u00e0 la texture adapt\u00e9e.<br \/>\n\u2013 Un parfum sans aucune substances allergisantes pour allier douceur et plaisir.<\/p>\n<p><span class=\"metafield-multi_line_text_field\">Appliquez 1 \u00e0 2 fois par jour, sur une peau propre et s\u00e8che, en insistant sur les zones dess\u00e9ch\u00e9es du corps. Test\u00e9 sous contr\u00f4le m\u00e9dical.<br \/>\n<\/span><\/p>\n","protected":false},"excerpt":{"rendered":"<p>Le lait corps nourrit durablement et apaise la peau de votre b\u00e9b\u00e9.<br \/>\nUne efficacit\u00e9 prouv\u00e9e : + 62 % d\u2019hydratation 8H apr\u00e8s l\u2019application.<\/p>\n","protected":false},"featured_media":1615,"template":"","meta":[],"product_brand":[],"product_cat":[71],"product_tag":[],"class_list":{"0":"post-1612","1":"product","2":"type-product","3":"status-publish","4":"has-post-thumbnail","6":"product_cat-soins-toilette","8":"first","9":"instock","10":"shipping-taxable","11":"purchasable","12":"product-type-simple"},"_links":{"self":[{"href":"https:\/\/test.techcobenin.com\/index.php\/wp-json\/wp\/v2\/product\/1612","targetHints":{"allow":["GET"]}}],"collection":[{"href":"https:\/\/test.techcobenin.com\/index.php\/wp-json\/wp\/v2\/product"}],"about":[{"href":"https:\/\/test.techcobenin.com\/index.php\/wp-json\/wp\/v2\/types\/product"}],"version-history":[{"count":2,"href":"https:\/\/test.techcobenin.com\/index.php\/wp-json\/wp\/v2\/product\/1612\/revisions"}],"predecessor-version":[{"id":1616,"href":"https:\/\/test.techcobenin.com\/index.php\/wp-json\/wp\/v2\/product\/1612\/revisions\/1616"}],"wp:featuredmedia":[{"embeddable":true,"href":"https:\/\/test.techcobenin.com\/index.php\/wp-json\/wp\/v2\/media\/1615"}],"wp:attachment":[{"href":"https:\/\/test.techcobenin.com\/index.php\/wp-json\/wp\/v2\/media?parent=1612"}],"wp:term":[{"taxonomy":"product_brand","embeddable":true,"href":"https:\/\/test.techcobenin.com\/index.php\/wp-json\/wp\/v2\/product_brand?post=1612"},{"taxonomy":"product_cat","embeddable":true,"href":"https:\/\/test.techcobenin.com\/index.php\/wp-json\/wp\/v2\/product_cat?post=1612"},{"taxonomy":"product_tag","embeddable":true,"href":"https:\/\/test.techcobenin.com\/index.php\/wp-json\/wp\/v2\/product_tag?post=1612"}],"curies":[{"name":"wp","href":"https:\/\/api.w.org\/{rel}","templated":true}]}}