{"id":1605,"date":"2025-11-20T16:15:28","date_gmt":"2025-11-20T15:15:28","guid":{"rendered":"https:\/\/test.techcobenin.com\/?post_type=product&#038;p=1605"},"modified":"2025-11-20T16:15:28","modified_gmt":"2025-11-20T15:15:28","slug":"biolane-lait-de-toilette-douceur-visage-corps-750-ml","status":"publish","type":"product","link":"https:\/\/test.techcobenin.com\/index.php\/produit\/biolane-lait-de-toilette-douceur-visage-corps-750-ml\/","title":{"rendered":"Biolane Lait de Toilette Douceur Visage Corps 750 ml"},"content":{"rendered":"<h2>Description :<\/h2>\n<p><span class=\"metafield-multi_line_text_field\">Le lait de toilette Biolane nettoie le visage, le corps et le si\u00e8ge de votre b\u00e9b\u00e9 pour que sa peau retrouve douceur et confort.<br \/>\nUne efficacit\u00e9 prouv\u00e9e : une peau nourrie \u00e0 +31% apr\u00e8s 28 jours d\u2019utilisation.<br \/>\nHydratation +26% apr\u00e8s 3h, test\u00e9 sur 11 volontaires<\/span><\/p>\n<p>Notre vocation : prot\u00e9ger la peau sensible de votre b\u00e9b\u00e9<br \/>\nUne formule \u00e0 99% d\u2019ingr\u00e9dients d\u2019origine naturelle, enrichie en substances adoucissantes, qui nettoie en douceur tout en hydratant intens\u00e9ment et ainsi lutte contre la s\u00e9cheresse cutan\u00e9e.<br \/>\nUne formule test\u00e9e cliniquement sous contr\u00f4le m\u00e9dical pour la plus grande s\u00e9curit\u00e9 des nouveau-n\u00e9s.<\/p>\n<p><span class=\"metafield-multi_line_text_field\">Compos\u00e9 \u00e0 99% d\u2019ingr\u00e9dients d\u2019origine naturelle et enrichi en substances adoucissantes, il nettoie en douceur tout en hydratant intens\u00e9ment.<\/span><\/p>\n<p class=\"h4 accordion__title\"><strong>Conseils d\u2019utilisation<\/strong><\/p>\n<p><span class=\"metafield-multi_line_text_field\">Utilisez pour la toilette quotidienne et \u00e0 chaque change, pour nettoyer le visage, le corps et le si\u00e8ge de votre b\u00e9b\u00e9. Exercez 1 \u00e0 2 pressions et appliquez le lait \u00e0 l\u2019aide d\u2019un coton pour \u00e9liminer toutes les impuret\u00e9s.<br \/>\nNe n\u00e9cessite pas de rin\u00e7age.<\/span><\/p>\n<p>\u00c0 conserver \u00e0 une temp\u00e9rature comprise entre 15\u00b0 et 25\u00b0C.<br \/>\nLa pompe-doseuse se d\u00e9verrouille par un simple quart de tour.<\/p>\n","protected":false},"excerpt":{"rendered":"<p>Le lait de toilette Biolane nettoie le visage, le corps et le si\u00e8ge de votre b\u00e9b\u00e9 pour que sa peau retrouve douceur et confort.<\/p>\n","protected":false},"featured_media":1589,"template":"","meta":[],"product_brand":[],"product_cat":[71],"product_tag":[],"class_list":{"0":"post-1605","1":"product","2":"type-product","3":"status-publish","4":"has-post-thumbnail","6":"product_cat-soins-toilette","8":"first","9":"instock","10":"shipping-taxable","11":"purchasable","12":"product-type-simple"},"_links":{"self":[{"href":"https:\/\/test.techcobenin.com\/index.php\/wp-json\/wp\/v2\/product\/1605","targetHints":{"allow":["GET"]}}],"collection":[{"href":"https:\/\/test.techcobenin.com\/index.php\/wp-json\/wp\/v2\/product"}],"about":[{"href":"https:\/\/test.techcobenin.com\/index.php\/wp-json\/wp\/v2\/types\/product"}],"version-history":[{"count":2,"href":"https:\/\/test.techcobenin.com\/index.php\/wp-json\/wp\/v2\/product\/1605\/revisions"}],"predecessor-version":[{"id":1607,"href":"https:\/\/test.techcobenin.com\/index.php\/wp-json\/wp\/v2\/product\/1605\/revisions\/1607"}],"wp:featuredmedia":[{"embeddable":true,"href":"https:\/\/test.techcobenin.com\/index.php\/wp-json\/wp\/v2\/media\/1589"}],"wp:attachment":[{"href":"https:\/\/test.techcobenin.com\/index.php\/wp-json\/wp\/v2\/media?parent=1605"}],"wp:term":[{"taxonomy":"product_brand","embeddable":true,"href":"https:\/\/test.techcobenin.com\/index.php\/wp-json\/wp\/v2\/product_brand?post=1605"},{"taxonomy":"product_cat","embeddable":true,"href":"https:\/\/test.techcobenin.com\/index.php\/wp-json\/wp\/v2\/product_cat?post=1605"},{"taxonomy":"product_tag","embeddable":true,"href":"https:\/\/test.techcobenin.com\/index.php\/wp-json\/wp\/v2\/product_tag?post=1605"}],"curies":[{"name":"wp","href":"https:\/\/api.w.org\/{rel}","templated":true}]}}