{"id":1603,"date":"2025-11-20T16:09:06","date_gmt":"2025-11-20T15:09:06","guid":{"rendered":"https:\/\/test.techcobenin.com\/?post_type=product&#038;p=1603"},"modified":"2025-11-20T16:09:21","modified_gmt":"2025-11-20T15:09:21","slug":"biolane-gel-lavant-corps-et-cheveux-2en1-des-la-naissance-750-ml","status":"publish","type":"product","link":"https:\/\/test.techcobenin.com\/index.php\/produit\/biolane-gel-lavant-corps-et-cheveux-2en1-des-la-naissance-750-ml\/","title":{"rendered":"Biolane Gel Lavant Corps Et Cheveux 2en1 des la Naissance 750 ml"},"content":{"rendered":"<h2>Description :<\/h2>\n<p><span class=\"metafield-multi_line_text_field\">Le gel lavant corps et cheveux Biolane nettoie en douceur et pr\u00e9serve la peau fragile de votre b\u00e9b\u00e9 pour qu\u2019elle reste souple, douce et confortable.<\/span><\/p>\n<p>Notre vocation : prot\u00e9ger la peau sensible de votre b\u00e9b\u00e9<br \/>\nUn gel lavant \u00e0 97% d\u2019ingr\u00e9dients d\u2019origine naturelle, enrichi d\u2019un agent surgraissant qui \u00e9vite les sensations d\u2019inconfort et de tiraillement.<br \/>\nUne formule test\u00e9e cliniquement sous contr\u00f4le m\u00e9dical pour la plus grande s\u00e9curit\u00e9 des nouveau-n\u00e9s.<\/p>\n<p><span class=\"metafield-multi_line_text_field\">Compos\u00e9 \u00e0 97% d\u2019ingr\u00e9dients d\u2019origine naturelle, il est enrichi d\u2019un agent surgraissant qui \u00e9vite les sensations d\u2019inconfort et de tiraillement.<\/span><\/p>\n<p class=\"h4 accordion__title\"><strong>Conseils d\u2019utilisation<\/strong><\/p>\n<p><span class=\"metafield-multi_line_text_field\">Appliquer sur la peau et les cheveux mouill\u00e9s. Faites mousser puis rincez soigneusement. S\u00e9chez en tamponnant chaque pli et repli.<\/span><\/p>\n<p>\u00c0 conserver \u00e0 une temp\u00e9rature comprise entre 15\u00b0 et 25\u00b0C.<br \/>\nNe pique pas les yeux.<br \/>\nLa pompe doseuse se d\u00e9verrouille par un simple quart de tour.<\/p>\n","protected":false},"excerpt":{"rendered":"<p>Le gel lavant corps et cheveux Biolane nettoie en douceur et pr\u00e9serve la peau fragile de votre b\u00e9b\u00e9 pour qu\u2019elle reste souple, douce et confortable.<\/p>\n","protected":false},"featured_media":1590,"template":"","meta":[],"product_brand":[],"product_cat":[71],"product_tag":[],"class_list":{"0":"post-1603","1":"product","2":"type-product","3":"status-publish","4":"has-post-thumbnail","6":"product_cat-soins-toilette","8":"first","9":"instock","10":"shipping-taxable","11":"purchasable","12":"product-type-simple"},"_links":{"self":[{"href":"https:\/\/test.techcobenin.com\/index.php\/wp-json\/wp\/v2\/product\/1603","targetHints":{"allow":["GET"]}}],"collection":[{"href":"https:\/\/test.techcobenin.com\/index.php\/wp-json\/wp\/v2\/product"}],"about":[{"href":"https:\/\/test.techcobenin.com\/index.php\/wp-json\/wp\/v2\/types\/product"}],"version-history":[{"count":1,"href":"https:\/\/test.techcobenin.com\/index.php\/wp-json\/wp\/v2\/product\/1603\/revisions"}],"predecessor-version":[{"id":1604,"href":"https:\/\/test.techcobenin.com\/index.php\/wp-json\/wp\/v2\/product\/1603\/revisions\/1604"}],"wp:featuredmedia":[{"embeddable":true,"href":"https:\/\/test.techcobenin.com\/index.php\/wp-json\/wp\/v2\/media\/1590"}],"wp:attachment":[{"href":"https:\/\/test.techcobenin.com\/index.php\/wp-json\/wp\/v2\/media?parent=1603"}],"wp:term":[{"taxonomy":"product_brand","embeddable":true,"href":"https:\/\/test.techcobenin.com\/index.php\/wp-json\/wp\/v2\/product_brand?post=1603"},{"taxonomy":"product_cat","embeddable":true,"href":"https:\/\/test.techcobenin.com\/index.php\/wp-json\/wp\/v2\/product_cat?post=1603"},{"taxonomy":"product_tag","embeddable":true,"href":"https:\/\/test.techcobenin.com\/index.php\/wp-json\/wp\/v2\/product_tag?post=1603"}],"curies":[{"name":"wp","href":"https:\/\/api.w.org\/{rel}","templated":true}]}}