{"id":1557,"date":"2025-11-20T14:35:37","date_gmt":"2025-11-20T13:35:37","guid":{"rendered":"https:\/\/test.techcobenin.com\/?post_type=product&#038;p=1557"},"modified":"2025-11-26T17:43:30","modified_gmt":"2025-11-26T16:43:30","slug":"doseur-de-lait-momeasy","status":"publish","type":"product","link":"https:\/\/test.techcobenin.com\/index.php\/produit\/doseur-de-lait-momeasy\/","title":{"rendered":"Doseur de lait Momeasy"},"content":{"rendered":"<p>D\u00e9couvrez notre Doseur de lait, con\u00e7u pour mesurer et distribuer le lait de votre b\u00e9b\u00e9 avec pr\u00e9cision. Pratique pour les parents en d\u00e9placement, il se range facilement dans un sac \u00e0 langer. Simplifiez la pr\u00e9paration des repas et \u00e9vitez les d\u00e9versements avec cet outil fiable.<\/p>\n","protected":false},"excerpt":{"rendered":"<p>D\u00e9couvrez notre Doseur de lait, con\u00e7u pour mesurer et distribuer le lait de votre b\u00e9b\u00e9 avec pr\u00e9cision. Pratique pour les<\/p>\n","protected":false},"featured_media":1562,"template":"","meta":[],"product_brand":[],"product_cat":[66,72],"product_tag":[],"class_list":{"0":"post-1557","1":"product","2":"type-product","3":"status-publish","4":"has-post-thumbnail","6":"product_cat-repas-et-vaisselle-bebe","7":"product_cat-repas","9":"first","10":"outofstock","11":"shipping-taxable","12":"purchasable","13":"product-type-variable"},"_links":{"self":[{"href":"https:\/\/test.techcobenin.com\/index.php\/wp-json\/wp\/v2\/product\/1557","targetHints":{"allow":["GET"]}}],"collection":[{"href":"https:\/\/test.techcobenin.com\/index.php\/wp-json\/wp\/v2\/product"}],"about":[{"href":"https:\/\/test.techcobenin.com\/index.php\/wp-json\/wp\/v2\/types\/product"}],"version-history":[{"count":1,"href":"https:\/\/test.techcobenin.com\/index.php\/wp-json\/wp\/v2\/product\/1557\/revisions"}],"predecessor-version":[{"id":1567,"href":"https:\/\/test.techcobenin.com\/index.php\/wp-json\/wp\/v2\/product\/1557\/revisions\/1567"}],"wp:featuredmedia":[{"embeddable":true,"href":"https:\/\/test.techcobenin.com\/index.php\/wp-json\/wp\/v2\/media\/1562"}],"wp:attachment":[{"href":"https:\/\/test.techcobenin.com\/index.php\/wp-json\/wp\/v2\/media?parent=1557"}],"wp:term":[{"taxonomy":"product_brand","embeddable":true,"href":"https:\/\/test.techcobenin.com\/index.php\/wp-json\/wp\/v2\/product_brand?post=1557"},{"taxonomy":"product_cat","embeddable":true,"href":"https:\/\/test.techcobenin.com\/index.php\/wp-json\/wp\/v2\/product_cat?post=1557"},{"taxonomy":"product_tag","embeddable":true,"href":"https:\/\/test.techcobenin.com\/index.php\/wp-json\/wp\/v2\/product_tag?post=1557"}],"curies":[{"name":"wp","href":"https:\/\/api.w.org\/{rel}","templated":true}]}}