{"id":1523,"date":"2025-11-19T14:48:35","date_gmt":"2025-11-19T13:48:35","guid":{"rendered":"https:\/\/test.techcobenin.com\/?post_type=product&#038;p=1523"},"modified":"2025-11-26T17:49:38","modified_gmt":"2025-11-26T16:49:38","slug":"coupe-ongles-momeasy-pour-bebe-avec-loupe-0m","status":"publish","type":"product","link":"https:\/\/test.techcobenin.com\/index.php\/produit\/coupe-ongles-momeasy-pour-bebe-avec-loupe-0m\/","title":{"rendered":"Coupe-ongles Momeasy pour b\u00e9b\u00e9 avec loupe 0m+"},"content":{"rendered":"<ul data-hveid=\"CBgQAQ\" data-ved=\"2ahUKEwiq0ov1rP6QAxWqNfsDHdBYFfQQm_YKegQIGBAB\">\n<li><span data-huuid=\"5166160489334524640\">Incluent une loupe pliable pour une visibilit\u00e9 et une pr\u00e9cision accrues lors de la coupe, r\u00e9duisant la fatigue oculaire.<span class=\"pjBG2e\" data-cid=\"56115007-8790-418b-b13e-6ed01c24317d\"><span class=\"UV3uM\">\u00a0<\/span><\/span><\/span>\n<div class=\"NPrrbc\" data-cid=\"56115007-8790-418b-b13e-6ed01c24317d\" data-uuids=\"5166160489334524640\">\n<div class=\"BMebGe btku5b LwdV0e FR7ZSc OJeuxf\" role=\"button\" aria-label=\"Afficher les liens associ\u00e9s\" data-hveid=\"CA8QAQ\" data-ved=\"2ahUKEwiq0ov1rP6QAxWqNfsDHdBYFfQQ3fYKegQIDxAB\">\n<div class=\"niO4u\"><\/div>\n<\/div>\n<\/div>\n<\/li>\n<li><span data-huuid=\"5166160489334522222\">Fabriqu\u00e9s avec des mat\u00e9riaux sans BPA et une t\u00eate de coupe en acier inoxydable durable.<span class=\"pjBG2e\" data-cid=\"adafab1d-e121-4cde-8d59-fef9c75b8588\"><span class=\"UV3uM\">\u00a0<\/span><\/span><\/span>\n<div class=\"NPrrbc\" data-cid=\"adafab1d-e121-4cde-8d59-fef9c75b8588\" data-uuids=\"5166160489334522222\">\n<div class=\"BMebGe btku5b LwdV0e FR7ZSc OJeuxf\" role=\"button\" aria-label=\"Afficher les liens associ\u00e9s\" data-hveid=\"CBAQAQ\" data-ved=\"2ahUKEwiq0ov1rP6QAxWqNfsDHdBYFfQQ3fYKegQIEBAB\">\n<div class=\"niO4u\"><\/div>\n<\/div>\n<\/div>\n<\/li>\n<li><span data-huuid=\"5166160489334523900\">Dot\u00e9s d&rsquo;une poign\u00e9e ergonomique et antid\u00e9rapante pour un meilleur contr\u00f4le.<span class=\"pjBG2e\" data-cid=\"1b69c4a6-30bd-401d-ad05-c1f1c0bcfffa\"><span class=\"UV3uM\">\u00a0<\/span><\/span><\/span>\n<div class=\"NPrrbc\" data-cid=\"1b69c4a6-30bd-401d-ad05-c1f1c0bcfffa\" data-uuids=\"5166160489334523900\">\n<div class=\"BMebGe btku5b LwdV0e FR7ZSc OJeuxf\" role=\"button\" aria-label=\"Afficher les liens associ\u00e9s\" data-hveid=\"CBEQAQ\" data-ved=\"2ahUKEwiq0ov1rP6QAxWqNfsDHdBYFfQQ3fYKegQIERAB\">\n<div class=\"niO4u\"><\/div>\n<\/div>\n<\/div>\n<\/li>\n<li><span data-huuid=\"5166160489334525578\">Conviennent aux nouveau-n\u00e9s et aux jeunes enfants (\u00e0 partir de 0 mois)<\/span><\/li>\n<\/ul>\n","protected":false},"excerpt":{"rendered":"<p>Con\u00e7us sp\u00e9cifiquement pour les ongles de b\u00e9b\u00e9, avec des bords arrondis pour une utilisation s\u00fbre<\/p>\n","protected":false},"featured_media":1510,"template":"","meta":[],"product_brand":[],"product_cat":[71],"product_tag":[],"class_list":{"0":"post-1523","1":"product","2":"type-product","3":"status-publish","4":"has-post-thumbnail","6":"product_cat-soins-toilette","8":"first","9":"instock","10":"shipping-taxable","11":"purchasable","12":"product-type-variable"},"_links":{"self":[{"href":"https:\/\/test.techcobenin.com\/index.php\/wp-json\/wp\/v2\/product\/1523","targetHints":{"allow":["GET"]}}],"collection":[{"href":"https:\/\/test.techcobenin.com\/index.php\/wp-json\/wp\/v2\/product"}],"about":[{"href":"https:\/\/test.techcobenin.com\/index.php\/wp-json\/wp\/v2\/types\/product"}],"version-history":[{"count":2,"href":"https:\/\/test.techcobenin.com\/index.php\/wp-json\/wp\/v2\/product\/1523\/revisions"}],"predecessor-version":[{"id":1527,"href":"https:\/\/test.techcobenin.com\/index.php\/wp-json\/wp\/v2\/product\/1523\/revisions\/1527"}],"wp:featuredmedia":[{"embeddable":true,"href":"https:\/\/test.techcobenin.com\/index.php\/wp-json\/wp\/v2\/media\/1510"}],"wp:attachment":[{"href":"https:\/\/test.techcobenin.com\/index.php\/wp-json\/wp\/v2\/media?parent=1523"}],"wp:term":[{"taxonomy":"product_brand","embeddable":true,"href":"https:\/\/test.techcobenin.com\/index.php\/wp-json\/wp\/v2\/product_brand?post=1523"},{"taxonomy":"product_cat","embeddable":true,"href":"https:\/\/test.techcobenin.com\/index.php\/wp-json\/wp\/v2\/product_cat?post=1523"},{"taxonomy":"product_tag","embeddable":true,"href":"https:\/\/test.techcobenin.com\/index.php\/wp-json\/wp\/v2\/product_tag?post=1523"}],"curies":[{"name":"wp","href":"https:\/\/api.w.org\/{rel}","templated":true}]}}