{"id":1507,"date":"2025-11-19T14:41:13","date_gmt":"2025-11-19T13:41:13","guid":{"rendered":"https:\/\/test.techcobenin.com\/?post_type=product&#038;p=1507"},"modified":"2025-11-19T14:41:13","modified_gmt":"2025-11-19T13:41:13","slug":"coussinets-dallaitement-bebeconfort-jetables-ultra-absorbants-50pcs","status":"publish","type":"product","link":"https:\/\/test.techcobenin.com\/index.php\/produit\/coussinets-dallaitement-bebeconfort-jetables-ultra-absorbants-50pcs\/","title":{"rendered":"Coussinets d&rsquo;allaitement bebeconfort Jetables \/ Ultra-absorbants 50pcs"},"content":{"rendered":"<ul data-hveid=\"CBwQAQ\" data-ved=\"2ahUKEwjbuuOFqv6QAxUcfKQEHRsBFSYQm_YKegQIHBAB\">\n<li><span data-huuid=\"2785574666299364847\">Ils offrent une protection optimale contre les fuites de lait maternel.<span class=\"pjBG2e\" data-cid=\"c5c852f9-559e-4bc6-a6ee-7266581b249c\"><span class=\"UV3uM\">\u00a0<\/span><\/span><\/span>\n<div class=\"NPrrbc\" data-cid=\"c5c852f9-559e-4bc6-a6ee-7266581b249c\" data-uuids=\"2785574666299364847\">\n<div class=\"BMebGe btku5b LwdV0e FR7ZSc OJeuxf\" role=\"button\" aria-label=\"Afficher les liens associ\u00e9s\" data-hveid=\"CA8QAQ\" data-ved=\"2ahUKEwjbuuOFqv6QAxUcfKQEHRsBFSYQ3fYKegQIDxAB\">\n<div class=\"niO4u\"><\/div>\n<\/div>\n<\/div>\n<\/li>\n<li><span data-huuid=\"2785574666299365361\">Le voile en contact avec la peau est 100 % bambou, tr\u00e8s doux.<span class=\"pjBG2e\" data-cid=\"85c8d0f1-c105-40e1-acbb-57d44c30ff10\"><span class=\"UV3uM\">\u00a0<\/span><\/span><\/span>\n<div class=\"NPrrbc\" data-cid=\"85c8d0f1-c105-40e1-acbb-57d44c30ff10\" data-uuids=\"2785574666299365361\"><\/div>\n<div class=\"NPrrbc\" data-cid=\"92013810-0ad0-4279-899c-0a08b162578e\" data-uuids=\"2785574666299365875\">\n<div class=\"BMebGe btku5b LwdV0e FR7ZSc OJeuxf\" role=\"button\" aria-label=\"Afficher les liens associ\u00e9s\" data-hveid=\"CBQQAQ\" data-ved=\"2ahUKEwjbuuOFqv6QAxUcfKQEHRsBFSYQ3fYKegQIFBAB\">\n<div class=\"niO4u\"><\/div>\n<\/div>\n<\/div>\n<\/li>\n<li><span data-huuid=\"2785574666299366389\">Ils contribuent \u00e0 pr\u00e9venir les irritations cutan\u00e9es en \u00e9vitant l&rsquo;humidit\u00e9 prolong\u00e9e.<span class=\"pjBG2e\" data-cid=\"07648e32-6e7f-491a-b551-20130f7fc1fc\"><span class=\"UV3uM\">\u00a0<\/span><\/span><\/span><\/li>\n<\/ul>\n","protected":false},"excerpt":{"rendered":"<p>Ces coussinets sont con\u00e7us pour absorber les fuites de lait maternel et garder la peau s\u00e8che et confortable pendant l&rsquo;allaitement.<span class=\"pjBG2e\" data-cid=\"9c5894e9-5dc0-4eb8-b7d7-cfafb53b186c\"><span class=\"UV3uM\">\u00a0<\/span><\/span><\/p>\n","protected":false},"featured_media":1511,"template":"","meta":[],"product_brand":[],"product_cat":[59,86],"product_tag":[],"class_list":{"0":"post-1507","1":"product","2":"type-product","3":"status-publish","4":"has-post-thumbnail","6":"product_cat-espace-maman","7":"product_cat-coussinets-dallaitement-bouts-de-sein","9":"first","10":"outofstock","11":"shipping-taxable","12":"purchasable","13":"product-type-simple"},"_links":{"self":[{"href":"https:\/\/test.techcobenin.com\/index.php\/wp-json\/wp\/v2\/product\/1507","targetHints":{"allow":["GET"]}}],"collection":[{"href":"https:\/\/test.techcobenin.com\/index.php\/wp-json\/wp\/v2\/product"}],"about":[{"href":"https:\/\/test.techcobenin.com\/index.php\/wp-json\/wp\/v2\/types\/product"}],"version-history":[{"count":3,"href":"https:\/\/test.techcobenin.com\/index.php\/wp-json\/wp\/v2\/product\/1507\/revisions"}],"predecessor-version":[{"id":1522,"href":"https:\/\/test.techcobenin.com\/index.php\/wp-json\/wp\/v2\/product\/1507\/revisions\/1522"}],"wp:featuredmedia":[{"embeddable":true,"href":"https:\/\/test.techcobenin.com\/index.php\/wp-json\/wp\/v2\/media\/1511"}],"wp:attachment":[{"href":"https:\/\/test.techcobenin.com\/index.php\/wp-json\/wp\/v2\/media?parent=1507"}],"wp:term":[{"taxonomy":"product_brand","embeddable":true,"href":"https:\/\/test.techcobenin.com\/index.php\/wp-json\/wp\/v2\/product_brand?post=1507"},{"taxonomy":"product_cat","embeddable":true,"href":"https:\/\/test.techcobenin.com\/index.php\/wp-json\/wp\/v2\/product_cat?post=1507"},{"taxonomy":"product_tag","embeddable":true,"href":"https:\/\/test.techcobenin.com\/index.php\/wp-json\/wp\/v2\/product_tag?post=1507"}],"curies":[{"name":"wp","href":"https:\/\/api.w.org\/{rel}","templated":true}]}}