{"id":1500,"date":"2025-11-19T14:26:59","date_gmt":"2025-11-19T13:26:59","guid":{"rendered":"https:\/\/test.techcobenin.com\/?post_type=product&#038;p=1500"},"modified":"2025-11-26T17:48:01","modified_gmt":"2025-11-26T16:48:01","slug":"lot-de-2-biberons-momeasy-en-plastique-0m-120-ml","status":"publish","type":"product","link":"https:\/\/test.techcobenin.com\/index.php\/produit\/lot-de-2-biberons-momeasy-en-plastique-0m-120-ml\/","title":{"rendered":"Lot de 2 biberons Momeasy en plastique 0m+ (120 ml)"},"content":{"rendered":"<div class=\"AdPoic\" role=\"heading\" data-animation-nesting=\"\" data-sfc-cp=\"\" data-complete=\"true\" data-processed=\"true\" data-sae=\"\">Ces biberons sont con\u00e7us pour les nouveau-n\u00e9s (0 mois et plus) et ont une capacit\u00e9 de 120 ml (4 oz) chacun<\/div>\n<div class=\"AdPoic\" role=\"heading\" data-animation-nesting=\"\" data-sfc-cp=\"\" data-complete=\"true\" data-processed=\"true\" data-sae=\"\">Caract\u00e9ristiques principales:<\/div>\n<ul class=\"KsbFXc U6u95\" data-complete=\"true\" data-processed=\"true\">\n<li data-hveid=\"CAQQAA\" data-complete=\"true\" data-sae=\"\"><span class=\"T286Pc\" data-sfc-cp=\"\" data-complete=\"true\"><strong class=\"Yjhzub\" data-complete=\"true\">Mat\u00e9riau :<\/strong>\u00a0Fabriqu\u00e9 en polypropyl\u00e8ne (PP) durable de haute qualit\u00e9, sans BPA.<\/span><\/li>\n<li data-hveid=\"CAQQAQ\" data-complete=\"true\" data-sae=\"\"><span class=\"T286Pc\" data-sfc-cp=\"\" data-complete=\"true\"><strong class=\"Yjhzub\" data-complete=\"true\">Conception :<\/strong>\u00a0Le large col facilite le remplissage et le nettoyage.<\/span><\/li>\n<li data-hveid=\"CAQQAg\" data-complete=\"true\" data-sae=\"\"><span class=\"T286Pc\" data-sfc-cp=\"\" data-complete=\"true\"><strong class=\"Yjhzub\" data-complete=\"true\">T\u00e9tine :<\/strong>\u00a0T\u00e9tine anti-colique en silicone souple, con\u00e7ue pour imiter la forme du sein maternel, ce qui favorise une transition naturelle entre l&rsquo;allaitement au sein et au biberon.<\/span><\/li>\n<li data-hveid=\"CAQQAw\" data-complete=\"true\" data-sae=\"\"><span class=\"T286Pc\" data-sfc-cp=\"\" data-complete=\"true\"><strong class=\"Yjhzub\" data-complete=\"true\">Avantages :<\/strong>\u00a0Le syst\u00e8me anti-colique r\u00e9duit l&rsquo;ingestion d&rsquo;air, minimisant ainsi les gaz et l&rsquo;inconfort<\/span><\/li>\n<\/ul>\n","protected":false},"excerpt":{"rendered":"<p>Ces biberons sont con\u00e7us pour offrir une exp\u00e9rience d&rsquo;alimentation confortable et naturelle, \u00e0 la fois pour le b\u00e9b\u00e9 et le parent<\/p>\n","protected":false},"featured_media":1502,"template":"","meta":[],"product_brand":[],"product_cat":[66,72],"product_tag":[],"class_list":{"0":"post-1500","1":"product","2":"type-product","3":"status-publish","4":"has-post-thumbnail","6":"product_cat-repas-et-vaisselle-bebe","7":"product_cat-repas","9":"first","10":"instock","11":"shipping-taxable","12":"purchasable","13":"product-type-variable"},"_links":{"self":[{"href":"https:\/\/test.techcobenin.com\/index.php\/wp-json\/wp\/v2\/product\/1500","targetHints":{"allow":["GET"]}}],"collection":[{"href":"https:\/\/test.techcobenin.com\/index.php\/wp-json\/wp\/v2\/product"}],"about":[{"href":"https:\/\/test.techcobenin.com\/index.php\/wp-json\/wp\/v2\/types\/product"}],"version-history":[{"count":2,"href":"https:\/\/test.techcobenin.com\/index.php\/wp-json\/wp\/v2\/product\/1500\/revisions"}],"predecessor-version":[{"id":1506,"href":"https:\/\/test.techcobenin.com\/index.php\/wp-json\/wp\/v2\/product\/1500\/revisions\/1506"}],"wp:featuredmedia":[{"embeddable":true,"href":"https:\/\/test.techcobenin.com\/index.php\/wp-json\/wp\/v2\/media\/1502"}],"wp:attachment":[{"href":"https:\/\/test.techcobenin.com\/index.php\/wp-json\/wp\/v2\/media?parent=1500"}],"wp:term":[{"taxonomy":"product_brand","embeddable":true,"href":"https:\/\/test.techcobenin.com\/index.php\/wp-json\/wp\/v2\/product_brand?post=1500"},{"taxonomy":"product_cat","embeddable":true,"href":"https:\/\/test.techcobenin.com\/index.php\/wp-json\/wp\/v2\/product_cat?post=1500"},{"taxonomy":"product_tag","embeddable":true,"href":"https:\/\/test.techcobenin.com\/index.php\/wp-json\/wp\/v2\/product_tag?post=1500"}],"curies":[{"name":"wp","href":"https:\/\/api.w.org\/{rel}","templated":true}]}}