{"id":1493,"date":"2025-11-19T14:00:57","date_gmt":"2025-11-19T13:00:57","guid":{"rendered":"https:\/\/test.techcobenin.com\/?post_type=product&#038;p=1493"},"modified":"2025-11-26T17:47:39","modified_gmt":"2025-11-26T16:47:39","slug":"biberon-en-verre-chicco-0m-240-ml","status":"publish","type":"product","link":"https:\/\/test.techcobenin.com\/index.php\/produit\/biberon-en-verre-chicco-0m-240-ml\/","title":{"rendered":"Biberon en verre Chicco 0m+ (240 ml)"},"content":{"rendered":"<ul data-hveid=\"CBwQAQ\" data-ved=\"2ahUKEwj0i7PHoP6QAxWodqQEHWoAGXUQm_YKegQIHBAB\">\n<li>Fabriqu\u00e9 en verre borosilicate pur, il est hygi\u00e9nique, s\u00fbr et r\u00e9sistant aux chocs thermiques\n<div class=\"NPrrbc\" data-cid=\"42994355-5cd8-483f-bf4c-6e71b9d233ee\" data-uuids=\"5358373273289292006\">\n<div class=\"BMebGe btku5b LwdV0e FR7ZSc OJeuxf\" role=\"button\" aria-label=\"Afficher les liens associ\u00e9s\" data-hveid=\"CBIQAQ\" data-ved=\"2ahUKEwj0i7PHoP6QAxWodqQEHWoAGXUQ3fYKegQIEhAB\">\n<div class=\"niO4u\"><\/div>\n<\/div>\n<\/div>\n<\/li>\n<li><span data-huuid=\"5358373273289290580\">Il poss\u00e8de un large col pour un remplissage et un nettoyage rapides et faciles, ainsi qu&rsquo;un capuchon anti-fuites.<span class=\"pjBG2e\" data-cid=\"1ff3d387-1d7c-468f-90fb-76302a7ffa99\"><span class=\"UV3uM\">\u00a0<\/span><\/span><\/span>\n<div class=\"NPrrbc\" data-cid=\"1ff3d387-1d7c-468f-90fb-76302a7ffa99\" data-uuids=\"5358373273289290580\">\n<div class=\"BMebGe btku5b LwdV0e FR7ZSc OJeuxf\" role=\"button\" aria-label=\"Afficher les liens associ\u00e9s\" data-hveid=\"CBUQAQ\" data-ved=\"2ahUKEwj0i7PHoP6QAxWodqQEHWoAGXUQ3fYKegQIFRAB\">\n<div class=\"niO4u\"><\/div>\n<\/div>\n<\/div>\n<\/li>\n<li><span data-huuid=\"5358373273289293250\">Le mod\u00e8le visible est un biberon de 150 ml (comme indiqu\u00e9 sur la bo\u00eete) con\u00e7u pour les b\u00e9b\u00e9s d\u00e8s la naissance (0m+).<span class=\"pjBG2e\" data-cid=\"92a9f0d1-5ec6-4c5f-b960-a1d52d8ec19c\"><span class=\"UV3uM\">\u00a0<\/span><\/span><\/span><\/li>\n<\/ul>\n","protected":false},"excerpt":{"rendered":"<p><span data-huuid=\"5358373273289292006\">Le biberon est dot\u00e9 d&rsquo;une t\u00e9tine physiologique en silicone souple avec une finition Soft Sense, con\u00e7ue pour un mouvement de succion naturel et pour aider \u00e0 pr\u00e9venir les coliques<\/span><\/p>\n","protected":false},"featured_media":1494,"template":"","meta":[],"product_brand":[],"product_cat":[66,72],"product_tag":[],"class_list":{"0":"post-1493","1":"product","2":"type-product","3":"status-publish","4":"has-post-thumbnail","6":"product_cat-repas-et-vaisselle-bebe","7":"product_cat-repas","9":"first","10":"instock","11":"shipping-taxable","12":"purchasable","13":"product-type-simple"},"_links":{"self":[{"href":"https:\/\/test.techcobenin.com\/index.php\/wp-json\/wp\/v2\/product\/1493","targetHints":{"allow":["GET"]}}],"collection":[{"href":"https:\/\/test.techcobenin.com\/index.php\/wp-json\/wp\/v2\/product"}],"about":[{"href":"https:\/\/test.techcobenin.com\/index.php\/wp-json\/wp\/v2\/types\/product"}],"version-history":[{"count":3,"href":"https:\/\/test.techcobenin.com\/index.php\/wp-json\/wp\/v2\/product\/1493\/revisions"}],"predecessor-version":[{"id":1497,"href":"https:\/\/test.techcobenin.com\/index.php\/wp-json\/wp\/v2\/product\/1493\/revisions\/1497"}],"wp:featuredmedia":[{"embeddable":true,"href":"https:\/\/test.techcobenin.com\/index.php\/wp-json\/wp\/v2\/media\/1494"}],"wp:attachment":[{"href":"https:\/\/test.techcobenin.com\/index.php\/wp-json\/wp\/v2\/media?parent=1493"}],"wp:term":[{"taxonomy":"product_brand","embeddable":true,"href":"https:\/\/test.techcobenin.com\/index.php\/wp-json\/wp\/v2\/product_brand?post=1493"},{"taxonomy":"product_cat","embeddable":true,"href":"https:\/\/test.techcobenin.com\/index.php\/wp-json\/wp\/v2\/product_cat?post=1493"},{"taxonomy":"product_tag","embeddable":true,"href":"https:\/\/test.techcobenin.com\/index.php\/wp-json\/wp\/v2\/product_tag?post=1493"}],"curies":[{"name":"wp","href":"https:\/\/api.w.org\/{rel}","templated":true}]}}