{"id":1483,"date":"2025-11-19T13:33:19","date_gmt":"2025-11-19T12:33:19","guid":{"rendered":"https:\/\/test.techcobenin.com\/?post_type=product&#038;p=1483"},"modified":"2025-11-26T17:49:09","modified_gmt":"2025-11-26T16:49:09","slug":"biberon-en-verre-chicco-naturalfeeling-0m-250-ml","status":"publish","type":"product","link":"https:\/\/test.techcobenin.com\/index.php\/produit\/biberon-en-verre-chicco-naturalfeeling-0m-250-ml\/","title":{"rendered":"Biberon en verre Chicco NaturalFeeling 0m+ (250 ml)"},"content":{"rendered":"<ul>\n<li><span data-huuid=\"8493018459036455448\">Il est fabriqu\u00e9 en verre borosilicate de haute qualit\u00e9, un mat\u00e9riau qui n&rsquo;absorbe pas les odeurs ni les saveurs.<span class=\"pjBG2e\" data-cid=\"283d2d8a-61e1-4779-95c5-7d9060a85332\"><span class=\"UV3uM\">\u00a0<\/span><\/span><\/span><\/li>\n<\/ul>\n<div class=\"NPrrbc\" data-cid=\"283d2d8a-61e1-4779-95c5-7d9060a85332\" data-uuids=\"8493018459036455448\"><\/div>\n<ul data-hveid=\"CBcQAQ\" data-ved=\"2ahUKEwiVovOPmf6QAxWqNfsDHdBYFfQQm_YKegQIFxAB\">\n<li><span data-huuid=\"8493018459036458978\">La t\u00e9tine en silicone ultra-douce est dot\u00e9e d&rsquo;une double valve anti-colique pour aider \u00e0 pr\u00e9venir l&rsquo;ingestion d&rsquo;air et r\u00e9duire le risque de coliques et de r\u00e9gurgitations.<span class=\"pjBG2e\" data-cid=\"0d5875f2-8bac-40d7-a563-991f58b30699\"><span class=\"UV3uM\">\u00a0<\/span><\/span><\/span>\n<div class=\"NPrrbc\" data-cid=\"0d5875f2-8bac-40d7-a563-991f58b30699\" data-uuids=\"8493018459036458978\">\n<div class=\"BMebGe btku5b LwdV0e FR7ZSc OJeuxf\" role=\"button\" aria-label=\"Afficher les liens associ\u00e9s\" data-hveid=\"CA8QAQ\" data-ved=\"2ahUKEwiVovOPmf6QAxWqNfsDHdBYFfQQ3fYKegQIDxAB\">\n<div class=\"niO4u\"><\/div>\n<\/div>\n<\/div>\n<\/li>\n<li><span data-huuid=\"8493018459036458412\">Le design \u00e0 col large facilite le remplissage et le nettoyage du biberon.<span class=\"pjBG2e\" data-cid=\"f2d70a1c-271a-47f7-8f8a-a2aefe17934b\"><span class=\"UV3uM\">\u00a0<\/span><\/span><\/span>\n<div class=\"NPrrbc\" data-cid=\"f2d70a1c-271a-47f7-8f8a-a2aefe17934b\" data-uuids=\"8493018459036458412\">\n<div class=\"BMebGe btku5b LwdV0e FR7ZSc OJeuxf\" role=\"button\" aria-label=\"Afficher les liens associ\u00e9s\" data-hveid=\"CBAQAQ\" data-ved=\"2ahUKEwiVovOPmf6QAxWqNfsDHdBYFfQQ3fYKegQIEBAB\">\n<div class=\"niO4u\"><\/div>\n<\/div>\n<\/div>\n<\/li>\n<li><span data-huuid=\"8493018459036457846\">Le produit est sans BPA et fabriqu\u00e9 en Italie.<span class=\"pjBG2e\" data-cid=\"73d851bb-9dcb-4a07-acc1-f1bdd5111f6f\"><span class=\"UV3uM\">\u00a0<\/span><\/span><\/span><\/li>\n<\/ul>\n","protected":false},"excerpt":{"rendered":"<p><span data-huuid=\"8493018459036456014\">Ce biberon est con\u00e7u pour imiter la sensation naturelle de l&rsquo;allaitement maternel, facilitant la transition entre le sein et le biberon.<span class=\"pjBG2e\" data-cid=\"73212829-bc1b-45f0-9c53-48cd86b2923e\"><span class=\"UV3uM\">\u00a0<\/span><\/span><\/span><\/p>\n<div class=\"NPrrbc\" data-cid=\"73212829-bc1b-45f0-9c53-48cd86b2923e\" data-uuids=\"8493018459036456014\">\n<div class=\"BMebGe btku5b LwdV0e FR7ZSc OJeuxf\" role=\"button\" aria-label=\"Afficher les liens associ\u00e9s\" data-hveid=\"CA0QAQ\" data-ved=\"2ahUKEwiVovOPmf6QAxWqNfsDHdBYFfQQ3fYKegQIDRAB\">\n<div class=\"niO4u\"><\/div>\n<\/div>\n<\/div>\n","protected":false},"featured_media":1485,"template":"","meta":[],"product_brand":[],"product_cat":[66,72],"product_tag":[],"class_list":{"0":"post-1483","1":"product","2":"type-product","3":"status-publish","4":"has-post-thumbnail","6":"product_cat-repas-et-vaisselle-bebe","7":"product_cat-repas","9":"first","10":"instock","11":"shipping-taxable","12":"purchasable","13":"product-type-simple"},"_links":{"self":[{"href":"https:\/\/test.techcobenin.com\/index.php\/wp-json\/wp\/v2\/product\/1483","targetHints":{"allow":["GET"]}}],"collection":[{"href":"https:\/\/test.techcobenin.com\/index.php\/wp-json\/wp\/v2\/product"}],"about":[{"href":"https:\/\/test.techcobenin.com\/index.php\/wp-json\/wp\/v2\/types\/product"}],"version-history":[{"count":3,"href":"https:\/\/test.techcobenin.com\/index.php\/wp-json\/wp\/v2\/product\/1483\/revisions"}],"predecessor-version":[{"id":1499,"href":"https:\/\/test.techcobenin.com\/index.php\/wp-json\/wp\/v2\/product\/1483\/revisions\/1499"}],"wp:featuredmedia":[{"embeddable":true,"href":"https:\/\/test.techcobenin.com\/index.php\/wp-json\/wp\/v2\/media\/1485"}],"wp:attachment":[{"href":"https:\/\/test.techcobenin.com\/index.php\/wp-json\/wp\/v2\/media?parent=1483"}],"wp:term":[{"taxonomy":"product_brand","embeddable":true,"href":"https:\/\/test.techcobenin.com\/index.php\/wp-json\/wp\/v2\/product_brand?post=1483"},{"taxonomy":"product_cat","embeddable":true,"href":"https:\/\/test.techcobenin.com\/index.php\/wp-json\/wp\/v2\/product_cat?post=1483"},{"taxonomy":"product_tag","embeddable":true,"href":"https:\/\/test.techcobenin.com\/index.php\/wp-json\/wp\/v2\/product_tag?post=1483"}],"curies":[{"name":"wp","href":"https:\/\/api.w.org\/{rel}","templated":true}]}}