{"id":1480,"date":"2025-11-19T10:35:32","date_gmt":"2025-11-19T09:35:32","guid":{"rendered":"https:\/\/test.techcobenin.com\/?post_type=product&#038;p=1480"},"modified":"2025-11-19T11:17:40","modified_gmt":"2025-11-19T10:17:40","slug":"tapis-de-jeu-ou-deveil-pour-bebe-et-enfant-pliable-et-impermeable","status":"publish","type":"product","link":"https:\/\/test.techcobenin.com\/index.php\/produit\/tapis-de-jeu-ou-deveil-pour-bebe-et-enfant-pliable-et-impermeable\/","title":{"rendered":"Tapis de jeu ou d&rsquo;\u00e9veil pour b\u00e9b\u00e9 et enfant, pliable et imperm\u00e9able"},"content":{"rendered":"<div class=\"AdPoic\" role=\"heading\" data-animation-nesting=\"\" data-sfc-cp=\"\" data-complete=\"true\" data-processed=\"true\" data-sae=\"\">Caract\u00e9ristiques principales:<\/div>\n<ul class=\"KsbFXc U6u95\" data-complete=\"true\" data-processed=\"true\">\n<li data-hveid=\"CAQQAA\" data-complete=\"true\" data-sae=\"\"><span class=\"T286Pc\" data-sfc-cp=\"\" data-complete=\"true\"><strong class=\"Yjhzub\" data-complete=\"true\">Mat\u00e9riau s\u00fbr et non toxique :<\/strong>\u00a0Fabriqu\u00e9 en mousse XPE haute densit\u00e9, sans BPA, non toxique et sans odeur chimique.<\/span><\/li>\n<li data-hveid=\"CAQQAQ\" data-complete=\"true\" data-sae=\"\"><span class=\"T286Pc\" data-sfc-cp=\"\" data-complete=\"true\"><strong class=\"Yjhzub\" data-complete=\"true\">Conception r\u00e9versible :<\/strong>\u00a0Le tapis pr\u00e9sente des motifs int\u00e9ressants sur les deux c\u00f4t\u00e9s, souvent avec des images \u00e9ducatives comme des animaux et des chiffres pour stimuler l&rsquo;apprentissage.<\/span><\/li>\n<li data-hveid=\"CAQQAg\" data-complete=\"true\" data-sae=\"\"><span class=\"T286Pc\" data-sfc-cp=\"\" data-complete=\"true\"><strong class=\"Yjhzub\" data-complete=\"true\">Pliable et portable :<\/strong>\u00a0Sa conception accord\u00e9on le rend facile \u00e0 plier, \u00e0 ranger et \u00e0 transporter, id\u00e9al pour une utilisation en int\u00e9rieur ou en ext\u00e9rieur.<\/span><\/li>\n<li data-hveid=\"CAQQAw\" data-complete=\"true\" data-sae=\"\"><span class=\"T286Pc\" data-sfc-cp=\"\" data-complete=\"true\"><strong class=\"Yjhzub\" data-complete=\"true\">Imperm\u00e9able et facile \u00e0 nettoyer :<\/strong>\u00a0La surface r\u00e9sistante \u00e0 l&rsquo;eau peut \u00eatre facilement essuy\u00e9e avec un chiffon humide.<\/span><\/li>\n<li data-hveid=\"CAQQBA\" data-complete=\"true\" data-sae=\"\"><span class=\"T286Pc\" data-sfc-cp=\"\" data-complete=\"true\"><strong class=\"Yjhzub\" data-complete=\"true\">\u00c9pais et confortable :<\/strong>\u00a0Offre un amorti suffisant pour transformer n&rsquo;importe quel sol dur en un espace confortable pour ramper et jouer.<\/span><\/li>\n<\/ul>\n","protected":false},"excerpt":{"rendered":"<p>Il est con\u00e7u pour offrir un espace de jeu s\u00fbr et confortable pour les b\u00e9b\u00e9s et les enfants<\/p>\n","protected":false},"featured_media":992,"template":"","meta":[],"product_brand":[],"product_cat":[68],"product_tag":[],"class_list":{"0":"post-1480","1":"product","2":"type-product","3":"status-publish","4":"has-post-thumbnail","6":"product_cat-jouets-eveils","8":"first","9":"outofstock","10":"shipping-taxable","11":"purchasable","12":"product-type-simple"},"_links":{"self":[{"href":"https:\/\/test.techcobenin.com\/index.php\/wp-json\/wp\/v2\/product\/1480","targetHints":{"allow":["GET"]}}],"collection":[{"href":"https:\/\/test.techcobenin.com\/index.php\/wp-json\/wp\/v2\/product"}],"about":[{"href":"https:\/\/test.techcobenin.com\/index.php\/wp-json\/wp\/v2\/types\/product"}],"version-history":[{"count":2,"href":"https:\/\/test.techcobenin.com\/index.php\/wp-json\/wp\/v2\/product\/1480\/revisions"}],"predecessor-version":[{"id":1482,"href":"https:\/\/test.techcobenin.com\/index.php\/wp-json\/wp\/v2\/product\/1480\/revisions\/1482"}],"wp:featuredmedia":[{"embeddable":true,"href":"https:\/\/test.techcobenin.com\/index.php\/wp-json\/wp\/v2\/media\/992"}],"wp:attachment":[{"href":"https:\/\/test.techcobenin.com\/index.php\/wp-json\/wp\/v2\/media?parent=1480"}],"wp:term":[{"taxonomy":"product_brand","embeddable":true,"href":"https:\/\/test.techcobenin.com\/index.php\/wp-json\/wp\/v2\/product_brand?post=1480"},{"taxonomy":"product_cat","embeddable":true,"href":"https:\/\/test.techcobenin.com\/index.php\/wp-json\/wp\/v2\/product_cat?post=1480"},{"taxonomy":"product_tag","embeddable":true,"href":"https:\/\/test.techcobenin.com\/index.php\/wp-json\/wp\/v2\/product_tag?post=1480"}],"curies":[{"name":"wp","href":"https:\/\/api.w.org\/{rel}","templated":true}]}}