{"id":1467,"date":"2025-11-18T14:41:18","date_gmt":"2025-11-18T13:41:18","guid":{"rendered":"https:\/\/test.techcobenin.com\/?post_type=product&#038;p=1467"},"modified":"2025-11-20T16:21:59","modified_gmt":"2025-11-20T15:21:59","slug":"robot-cuiseur-mixeur-pour-bebe-philips-avent","status":"publish","type":"product","link":"https:\/\/test.techcobenin.com\/index.php\/produit\/robot-cuiseur-mixeur-pour-bebe-philips-avent\/","title":{"rendered":"Robot cuiseur-mixeur pour b\u00e9b\u00e9 Philips Avent"},"content":{"rendered":"<ul data-hveid=\"CB4QAQ\" data-ved=\"2ahUKEwjK6ZqH5fuQAxWZVqQEHZm5J3QQm_YKegQIHhAB\">\n<li><span data-huuid=\"18419560208661213839\">Il utilise une technologie unique de cuisson \u00e0 la vapeur pour pr\u00e9server les nutriments, suivie d&rsquo;un mixage simple dans le m\u00eame bol.<span class=\"pjBG2e\" data-cid=\"f96b93c6-ae29-4fdf-9562-ed3aaffb91b9\"><span class=\"UV3uM\">\u00a0<\/span><\/span><\/span>\n<div class=\"NPrrbc\" data-cid=\"f96b93c6-ae29-4fdf-9562-ed3aaffb91b9\" data-uuids=\"18419560208661213839\">\n<div class=\"BMebGe btku5b LwdV0e FR7ZSc OJeuxf\" role=\"button\" aria-label=\"Afficher les liens associ\u00e9s\" data-hveid=\"CA8QAQ\" data-ved=\"2ahUKEwjK6ZqH5fuQAxWZVqQEHZm5J3QQ3fYKegQIDxAB\">\n<div class=\"niO4u\"><\/div>\n<\/div>\n<\/div>\n<\/li>\n<li><span data-huuid=\"18419560208661215813\">L&rsquo;appareil est facile \u00e0 utiliser et \u00e0 nettoyer, notamment gr\u00e2ce \u00e0 un r\u00e9servoir d&rsquo;eau \u00e0 large ouverture.<span class=\"pjBG2e\" data-cid=\"640b75f9-c7de-4094-899b-20dfdc41acd1\"><span class=\"UV3uM\">\u00a0<\/span><\/span><\/span>\n<div class=\"NPrrbc\" data-cid=\"640b75f9-c7de-4094-899b-20dfdc41acd1\" data-uuids=\"18419560208661215813\">\n<div class=\"BMebGe btku5b LwdV0e FR7ZSc OJeuxf\" role=\"button\" aria-label=\"Afficher les liens associ\u00e9s\" data-hveid=\"CBAQAQ\" data-ved=\"2ahUKEwjK6ZqH5fuQAxWZVqQEHZm5J3QQ3fYKegQIEBAB\">\n<div class=\"niO4u\"><\/div>\n<\/div>\n<\/div>\n<\/li>\n<li><span data-huuid=\"18419560208661213691\">Il permet de pr\u00e9parer des aliments de diff\u00e9rentes textures (pur\u00e9e fine ou morceaux) adapt\u00e9s \u00e0 chaque \u00e9tape du d\u00e9veloppement de l&rsquo;enfant.<span class=\"pjBG2e\" data-cid=\"bafe4a2d-546b-449b-a795-0d06b5e301bd\"><span class=\"UV3uM\">\u00a0<\/span><\/span><\/span>\n<div class=\"NPrrbc\" data-cid=\"bafe4a2d-546b-449b-a795-0d06b5e301bd\" data-uuids=\"18419560208661213691\">\n<div class=\"BMebGe btku5b LwdV0e FR7ZSc OJeuxf\" role=\"button\" aria-label=\"Afficher les liens associ\u00e9s\" data-hveid=\"CBoQAQ\" data-ved=\"2ahUKEwjK6ZqH5fuQAxWZVqQEHZm5J3QQ3fYKegQIGhAB\">\n<div class=\"niO4u\"><\/div>\n<\/div>\n<\/div>\n<\/li>\n<li><span data-huuid=\"18419560208661215665\">Le produit est garanti 0 % BPA (bisph\u00e9nol A).<span class=\"pjBG2e\" data-cid=\"cb24202e-3e97-4e7c-9396-7fa674f65108\"><span class=\"UV3uM\">\u00a0<\/span><\/span><\/span>\n<div class=\"NPrrbc\" data-cid=\"cb24202e-3e97-4e7c-9396-7fa674f65108\" data-uuids=\"18419560208661215665\">\n<div class=\"BMebGe btku5b LwdV0e FR7ZSc OJeuxf\" role=\"button\" aria-label=\"Afficher les liens associ\u00e9s\" data-hveid=\"CBkQAQ\" data-ved=\"2ahUKEwjK6ZqH5fuQAxWZVqQEHZm5J3QQ3fYKegQIGRAB\">\n<div class=\"niO4u\"><\/div>\n<\/div>\n<\/div>\n<\/li>\n<\/ul>\n","protected":false},"excerpt":{"rendered":"<p>Con\u00e7u pour pr\u00e9parer facilement des repas sains pour b\u00e9b\u00e9 en utilisant la cuisson \u00e0 la vapeur et le mixage<\/p>\n","protected":false},"featured_media":1459,"template":"","meta":[],"product_brand":[],"product_cat":[66,72],"product_tag":[],"class_list":{"0":"post-1467","1":"product","2":"type-product","3":"status-publish","4":"has-post-thumbnail","6":"product_cat-repas-et-vaisselle-bebe","7":"product_cat-repas","9":"first","10":"outofstock","11":"shipping-taxable","12":"purchasable","13":"product-type-simple"},"_links":{"self":[{"href":"https:\/\/test.techcobenin.com\/index.php\/wp-json\/wp\/v2\/product\/1467","targetHints":{"allow":["GET"]}}],"collection":[{"href":"https:\/\/test.techcobenin.com\/index.php\/wp-json\/wp\/v2\/product"}],"about":[{"href":"https:\/\/test.techcobenin.com\/index.php\/wp-json\/wp\/v2\/types\/product"}],"version-history":[{"count":3,"href":"https:\/\/test.techcobenin.com\/index.php\/wp-json\/wp\/v2\/product\/1467\/revisions"}],"predecessor-version":[{"id":1470,"href":"https:\/\/test.techcobenin.com\/index.php\/wp-json\/wp\/v2\/product\/1467\/revisions\/1470"}],"wp:featuredmedia":[{"embeddable":true,"href":"https:\/\/test.techcobenin.com\/index.php\/wp-json\/wp\/v2\/media\/1459"}],"wp:attachment":[{"href":"https:\/\/test.techcobenin.com\/index.php\/wp-json\/wp\/v2\/media?parent=1467"}],"wp:term":[{"taxonomy":"product_brand","embeddable":true,"href":"https:\/\/test.techcobenin.com\/index.php\/wp-json\/wp\/v2\/product_brand?post=1467"},{"taxonomy":"product_cat","embeddable":true,"href":"https:\/\/test.techcobenin.com\/index.php\/wp-json\/wp\/v2\/product_cat?post=1467"},{"taxonomy":"product_tag","embeddable":true,"href":"https:\/\/test.techcobenin.com\/index.php\/wp-json\/wp\/v2\/product_tag?post=1467"}],"curies":[{"name":"wp","href":"https:\/\/api.w.org\/{rel}","templated":true}]}}