{"id":1456,"date":"2025-11-18T14:13:39","date_gmt":"2025-11-18T13:13:39","guid":{"rendered":"https:\/\/test.techcobenin.com\/?post_type=product&#038;p=1456"},"modified":"2025-11-26T17:51:28","modified_gmt":"2025-11-26T16:51:28","slug":"sterilisateur-a-vapeur-electrique-philips-avent","status":"publish","type":"product","link":"https:\/\/test.techcobenin.com\/index.php\/produit\/sterilisateur-a-vapeur-electrique-philips-avent\/","title":{"rendered":"St\u00e9rilisateur \u00e0 vapeur \u00e9lectrique Philips Avent"},"content":{"rendered":"<p>\u2699\ufe0f <strong>Taille modulable<\/strong>\u00a0: version compl\u00e8te ou compacte selon vos besoins<br \/>\n\u23f1\ufe0f\u00a0<strong>St\u00e9rilisation rapide en 5 minutes<\/strong><br \/>\n\ud83d\udd12 Garde les objets st\u00e9riles pendant\u00a0<strong>24h<\/strong>\u00a0si le couvercle reste ferm\u00e9<br \/>\n\ud83c\udf3f \u00c9limine\u00a0<strong>99,9% des germes<\/strong>\u00a0sans produit chimique \u2013 uniquement \u00e0 la vapeur<\/p>\n<p><span data-huuid=\"6858859419218155760\">\u00a0 Sa conception compacte et peu encombrante peut contenir jusqu&rsquo;\u00e0 cinq biberons Philips Avent ou deux tire-laits.<span class=\"pjBG2e\" data-cid=\"33e50d56-a1d8-4021-be5e-e39d48af8091\"><span class=\"UV3uM\">\u00a0<\/span><\/span><\/span><\/p>\n","protected":false},"excerpt":{"rendered":"<p>\ud83e\uddfc St\u00e9rilisateur Avent \u2013 pratique, compact et efficace !<\/p>\n<p>\ud83c\udf7c\u00a0<strong>Compatible<\/strong> avec tous les biberons<br \/>\n\ud83d\udc96 Un indispensable pour une hygi\u00e8ne parfaite au quotidien, en toute simplicit\u00e9 !<\/p>\n","protected":false},"featured_media":1462,"template":"","meta":[],"product_brand":[],"product_cat":[66,72],"product_tag":[],"class_list":{"0":"post-1456","1":"product","2":"type-product","3":"status-publish","4":"has-post-thumbnail","6":"product_cat-repas-et-vaisselle-bebe","7":"product_cat-repas","9":"first","10":"instock","11":"shipping-taxable","12":"purchasable","13":"product-type-simple"},"_links":{"self":[{"href":"https:\/\/test.techcobenin.com\/index.php\/wp-json\/wp\/v2\/product\/1456","targetHints":{"allow":["GET"]}}],"collection":[{"href":"https:\/\/test.techcobenin.com\/index.php\/wp-json\/wp\/v2\/product"}],"about":[{"href":"https:\/\/test.techcobenin.com\/index.php\/wp-json\/wp\/v2\/types\/product"}],"version-history":[{"count":4,"href":"https:\/\/test.techcobenin.com\/index.php\/wp-json\/wp\/v2\/product\/1456\/revisions"}],"predecessor-version":[{"id":1466,"href":"https:\/\/test.techcobenin.com\/index.php\/wp-json\/wp\/v2\/product\/1456\/revisions\/1466"}],"wp:featuredmedia":[{"embeddable":true,"href":"https:\/\/test.techcobenin.com\/index.php\/wp-json\/wp\/v2\/media\/1462"}],"wp:attachment":[{"href":"https:\/\/test.techcobenin.com\/index.php\/wp-json\/wp\/v2\/media?parent=1456"}],"wp:term":[{"taxonomy":"product_brand","embeddable":true,"href":"https:\/\/test.techcobenin.com\/index.php\/wp-json\/wp\/v2\/product_brand?post=1456"},{"taxonomy":"product_cat","embeddable":true,"href":"https:\/\/test.techcobenin.com\/index.php\/wp-json\/wp\/v2\/product_cat?post=1456"},{"taxonomy":"product_tag","embeddable":true,"href":"https:\/\/test.techcobenin.com\/index.php\/wp-json\/wp\/v2\/product_tag?post=1456"}],"curies":[{"name":"wp","href":"https:\/\/api.w.org\/{rel}","templated":true}]}}