{"id":1451,"date":"2025-11-18T13:34:50","date_gmt":"2025-11-18T12:34:50","guid":{"rendered":"https:\/\/test.techcobenin.com\/?post_type=product&#038;p=1451"},"modified":"2025-11-18T13:34:50","modified_gmt":"2025-11-18T12:34:50","slug":"culottes-de-maternite-jetables-5-pcs-bebekevi","status":"publish","type":"product","link":"https:\/\/test.techcobenin.com\/index.php\/produit\/culottes-de-maternite-jetables-5-pcs-bebekevi\/","title":{"rendered":"Culottes de maternit\u00e9 jetables 5 pcs \u2013 Bebekevi"},"content":{"rendered":"<p>Culottes de maternit\u00e9 jetables 5 pcs Bebekevi, tr\u00e8s extensibles con\u00e7us pour maintenir des protections dans des situations telles que la grossesse, le s\u00e9jour \u00e0 la maternit\u00e9 ou les hospitalisations.<\/p>\n<ul>\n<li>Culotte douce et confortable<\/li>\n<li>Exerce aucune pression au niveau du ventre<\/li>\n<li>Ne frotte pas la peau et sa grande \u00e9lasticit\u00e9 permet un enfilage plus facile qu\u2019une culotte traditionnelle<\/li>\n<\/ul>\n","protected":false},"excerpt":{"rendered":"<p>Culotte de maternit\u00e9 jetables Bebekevi, flexible et respirante assure une grande douceur tout en \u00e9vitant les irritations. Un incontournable dans votre sac de maternit\u00e9, comme en accouchement \u00e0 domicile, pour un vrai confort garanti.<\/p>\n","protected":false},"featured_media":1396,"template":"","meta":[],"product_brand":[],"product_cat":[59,84],"product_tag":[],"class_list":{"0":"post-1451","1":"product","2":"type-product","3":"status-publish","4":"has-post-thumbnail","6":"product_cat-espace-maman","7":"product_cat-serviettes-et-slips-jetables","9":"first","10":"instock","11":"shipping-taxable","12":"purchasable","13":"product-type-simple"},"_links":{"self":[{"href":"https:\/\/test.techcobenin.com\/index.php\/wp-json\/wp\/v2\/product\/1451","targetHints":{"allow":["GET"]}}],"collection":[{"href":"https:\/\/test.techcobenin.com\/index.php\/wp-json\/wp\/v2\/product"}],"about":[{"href":"https:\/\/test.techcobenin.com\/index.php\/wp-json\/wp\/v2\/types\/product"}],"version-history":[{"count":1,"href":"https:\/\/test.techcobenin.com\/index.php\/wp-json\/wp\/v2\/product\/1451\/revisions"}],"predecessor-version":[{"id":1452,"href":"https:\/\/test.techcobenin.com\/index.php\/wp-json\/wp\/v2\/product\/1451\/revisions\/1452"}],"wp:featuredmedia":[{"embeddable":true,"href":"https:\/\/test.techcobenin.com\/index.php\/wp-json\/wp\/v2\/media\/1396"}],"wp:attachment":[{"href":"https:\/\/test.techcobenin.com\/index.php\/wp-json\/wp\/v2\/media?parent=1451"}],"wp:term":[{"taxonomy":"product_brand","embeddable":true,"href":"https:\/\/test.techcobenin.com\/index.php\/wp-json\/wp\/v2\/product_brand?post=1451"},{"taxonomy":"product_cat","embeddable":true,"href":"https:\/\/test.techcobenin.com\/index.php\/wp-json\/wp\/v2\/product_cat?post=1451"},{"taxonomy":"product_tag","embeddable":true,"href":"https:\/\/test.techcobenin.com\/index.php\/wp-json\/wp\/v2\/product_tag?post=1451"}],"curies":[{"name":"wp","href":"https:\/\/api.w.org\/{rel}","templated":true}]}}