{"id":1333,"date":"2025-11-17T14:24:34","date_gmt":"2025-11-17T13:24:34","guid":{"rendered":"https:\/\/test.techcobenin.com\/?post_type=product&#038;p=1333"},"modified":"2025-11-26T17:50:07","modified_gmt":"2025-11-26T16:50:07","slug":"sac-a-langer-motif-mickey-minnie-mouse","status":"publish","type":"product","link":"https:\/\/test.techcobenin.com\/index.php\/produit\/sac-a-langer-motif-mickey-minnie-mouse\/","title":{"rendered":"Sac \u00e0 langer motif Mickey &amp; Minnie Mouse"},"content":{"rendered":"<ul class=\"KsbFXc U6u95\" data-complete=\"true\" data-processed=\"true\">\n<li data-hveid=\"CAEICRAB\" data-complete=\"true\" data-sae=\"\"><span class=\"T286Pc\" data-sfc-cp=\"\" data-complete=\"true\"><strong class=\"Yjhzub\" data-complete=\"true\">Fonctionnalit\u00e9 :<\/strong>\u00a0Il est con\u00e7u pour \u00eatre spacieux, avec un grand compartiment principal et plusieurs poches lat\u00e9rales et frontales pour organiser les couches, les biberons, les lingettes et autres essentiels de b\u00e9b\u00e9.<\/span><\/li>\n<li data-hveid=\"CAEICRAC\" data-complete=\"true\" data-sae=\"\"><span class=\"T286Pc\" data-sfc-cp=\"\" data-complete=\"true\"><strong class=\"Yjhzub\" data-complete=\"true\">Polyvalence de transport :<\/strong>\u00a0Il peut \u00eatre port\u00e9 comme un sac \u00e0 main gr\u00e2ce \u00e0 ses poign\u00e9es sup\u00e9rieures, ou comme un sac \u00e0 bandouli\u00e8re (fourni avec une sangle r\u00e9glable et amovible).<\/span><\/li>\n<li data-hveid=\"CAEICRAE\" data-complete=\"true\" data-sae=\"\"><span class=\"T286Pc\" data-sfc-cp=\"\" data-complete=\"true\"><strong class=\"Yjhzub\" data-complete=\"true\">Mat\u00e9riaux :<\/strong>\u00a0Le sac est g\u00e9n\u00e9ralement fabriqu\u00e9 en tissu polyester durable et facile \u00e0 nettoyer.<\/span><\/li>\n<\/ul>\n","protected":false},"excerpt":{"rendered":"<p><strong class=\"Yjhzub\" data-complete=\"true\" data-processed=\"true\">Sac \u00e0 langer + tapis \u00e0 langer portable pour b\u00e9b\u00e9, multifonctionnel et styl\u00e9<\/strong>, con\u00e7u pour les parents qui souhaitent allier la praticit\u00e9 d&rsquo;un grand sac de maternit\u00e9 au charme du design Disney.<\/p>\n","protected":false},"featured_media":1311,"template":"","meta":[],"product_brand":[],"product_cat":[59,91],"product_tag":[],"class_list":{"0":"post-1333","1":"product","2":"type-product","3":"status-publish","4":"has-post-thumbnail","6":"product_cat-espace-maman","7":"product_cat-sacs-a-langer","9":"first","10":"instock","11":"shipping-taxable","12":"purchasable","13":"product-type-variable"},"_links":{"self":[{"href":"https:\/\/test.techcobenin.com\/index.php\/wp-json\/wp\/v2\/product\/1333","targetHints":{"allow":["GET"]}}],"collection":[{"href":"https:\/\/test.techcobenin.com\/index.php\/wp-json\/wp\/v2\/product"}],"about":[{"href":"https:\/\/test.techcobenin.com\/index.php\/wp-json\/wp\/v2\/types\/product"}],"version-history":[{"count":1,"href":"https:\/\/test.techcobenin.com\/index.php\/wp-json\/wp\/v2\/product\/1333\/revisions"}],"predecessor-version":[{"id":1334,"href":"https:\/\/test.techcobenin.com\/index.php\/wp-json\/wp\/v2\/product\/1333\/revisions\/1334"}],"wp:featuredmedia":[{"embeddable":true,"href":"https:\/\/test.techcobenin.com\/index.php\/wp-json\/wp\/v2\/media\/1311"}],"wp:attachment":[{"href":"https:\/\/test.techcobenin.com\/index.php\/wp-json\/wp\/v2\/media?parent=1333"}],"wp:term":[{"taxonomy":"product_brand","embeddable":true,"href":"https:\/\/test.techcobenin.com\/index.php\/wp-json\/wp\/v2\/product_brand?post=1333"},{"taxonomy":"product_cat","embeddable":true,"href":"https:\/\/test.techcobenin.com\/index.php\/wp-json\/wp\/v2\/product_cat?post=1333"},{"taxonomy":"product_tag","embeddable":true,"href":"https:\/\/test.techcobenin.com\/index.php\/wp-json\/wp\/v2\/product_tag?post=1333"}],"curies":[{"name":"wp","href":"https:\/\/api.w.org\/{rel}","templated":true}]}}