{"id":1328,"date":"2025-11-17T14:06:06","date_gmt":"2025-11-17T13:06:06","guid":{"rendered":"https:\/\/test.techcobenin.com\/?post_type=product&#038;p=1328"},"modified":"2025-11-26T17:44:41","modified_gmt":"2025-11-26T16:44:41","slug":"1328","status":"publish","type":"product","link":"https:\/\/test.techcobenin.com\/index.php\/produit\/1328\/","title":{"rendered":"Ensemble sac \u00e0 langer multifonctionnel de 7 pi\u00e8ces"},"content":{"rendered":"<div class=\"Y3BBE\" data-sfc-cp=\"\" data-hveid=\"CAEIBxAA\" data-complete=\"true\" data-processed=\"true\"><strong class=\"Yjhzub\" data-complete=\"true\" data-processed=\"true\">Ensemble complet et coordonn\u00e9 de sacs \u00e0 langer<\/strong>, id\u00e9al pour les parents en d\u00e9placement. L&rsquo;ensemble est caract\u00e9ris\u00e9 par un\u00a0<strong class=\"Yjhzub\" data-complete=\"true\" data-processed=\"true\">motif \u00e0 rayures verticales fines noires et blanches<\/strong>\u00a0et des d\u00e9tails noirs (poign\u00e9es, sangles) ainsi que des accents marron\/tan sur les bordures de poche et les tirettes de fermeture \u00e9clair.<button class=\"rBl3me\" data-amic=\"true\" data-icl-uuid=\"ad5343ca-ef31-4f88-b317-472376456a38\" aria-label=\"Afficher les liens associ\u00e9s\" data-wiz-attrbind=\"disabled=z6zD0_1j_C5gNJc;class=z6zD0_1j_UpSNec;\" data-ved=\"2ahUKEwipjJCAn_mQAxUohP0HHVRUDTUQye0OegYIAQgHEAE\"><\/button><\/div>\n<div class=\"Y3BBE\" data-sfc-cp=\"\" data-hveid=\"CAEICRAA\" data-complete=\"true\" data-processed=\"true\"><strong class=\"Yjhzub\" data-complete=\"true\" data-processed=\"true\">Composition de l&rsquo;ensemble (7 pi\u00e8ces) :<\/strong><br data-serialized-params=\"[]\" data-complete=\"true\" data-processed=\"true\" \/>L&rsquo;ensemble comprend g\u00e9n\u00e9ralement les articles suivants, tous con\u00e7us pour une organisation optimale :<button class=\"rBl3me\" data-amic=\"true\" data-icl-uuid=\"6539bc00-da1c-4ce0-863b-c9bac929fe43\" aria-label=\"Afficher les liens associ\u00e9s\" data-wiz-attrbind=\"disabled=z6zD0_22_C5gNJc;class=z6zD0_22_UpSNec;\" data-ved=\"2ahUKEwipjJCAn_mQAxUohP0HHVRUDTUQye0OegYIAQgJEAE\"><\/button><\/div>\n<ul class=\"KsbFXc U6u95\" data-complete=\"true\" data-processed=\"true\">\n<li data-hveid=\"CAEIChAA\" data-complete=\"true\" data-sae=\"\"><span class=\"T286Pc\" data-sfc-cp=\"\" data-complete=\"true\"><strong class=\"Yjhzub\" data-complete=\"true\">Grand sac fourre-tout principal :<\/strong>\u00a0Le sac le plus grand, dot\u00e9 d&rsquo;un compartiment principal spacieux et de nombreuses poches int\u00e9rieures et ext\u00e9rieures pour un acc\u00e8s facile aux articles.<\/span><\/li>\n<li data-hveid=\"CAEIChAB\" data-complete=\"true\" data-sae=\"\"><span class=\"T286Pc\" data-sfc-cp=\"\" data-complete=\"true\"><strong class=\"Yjhzub\" data-complete=\"true\">Petit sac d&rsquo;\u00e9paule\/\u00e0 bandouli\u00e8re :<\/strong>\u00a0Un sac de taille moyenne, souvent avec une bandouli\u00e8re r\u00e9glable, pour les sorties plus courtes.<\/span><\/li>\n<li data-hveid=\"CAEIChAC\" data-complete=\"true\" data-sae=\"\"><span class=\"T286Pc\" data-sfc-cp=\"\" data-complete=\"true\"><strong class=\"Yjhzub\" data-complete=\"true\">Sac isotherme pour bouteille :<\/strong>\u00a0Un petit sac con\u00e7u pour maintenir la temp\u00e9rature des liquides.<\/span><\/li>\n<li data-hveid=\"CAEIChAD\" data-complete=\"true\" data-sae=\"\"><span class=\"T286Pc\" data-sfc-cp=\"\" data-complete=\"true\"><strong class=\"Yjhzub\" data-complete=\"true\">Tapis \u00e0 langer portable :<\/strong>\u00a0Un matelas pliable et assorti, assez grand pour changer b\u00e9b\u00e9 confortablement.<\/span><\/li>\n<li data-hveid=\"CAEIChAE\" data-complete=\"true\" data-sae=\"\"><span class=\"T286Pc\" data-sfc-cp=\"\" data-complete=\"true\"><strong class=\"Yjhzub\" data-complete=\"true\">Petite trousse\/pochette :<\/strong>\u00a0Une petite pochette zipp\u00e9e pour les petits objets personnels.<\/span><\/li>\n<li data-hveid=\"CAEIChAF\" data-complete=\"true\" data-sae=\"\"><span class=\"T286Pc\" data-sfc-cp=\"\" data-complete=\"true\"><strong class=\"Yjhzub\" data-complete=\"true\">Sac \u00e0 v\u00eatements\/organisateur en filet :<\/strong>\u00a0Un sac suppl\u00e9mentaire pour ranger les v\u00eatements de rechange ou les couches.<\/span><\/li>\n<li data-hveid=\"CAEIChAG\" data-complete=\"true\" data-sae=\"\"><span class=\"T286Pc\" data-sfc-cp=\"\" data-complete=\"true\"><strong class=\"Yjhzub\" data-complete=\"true\">Sangles pour poussette :<\/strong>\u00a0Une paire de crochets ou de sangles pour attacher facilement le sac principal \u00e0 la poign\u00e9e de la poussette.<\/span><button class=\"rBl3me\" data-amic=\"true\" data-icl-uuid=\"774f2042-c005-491c-b076-6e804f09224e\" aria-label=\"Afficher les liens associ\u00e9s\" data-wiz-attrbind=\"disabled=z6zD0_2r_C5gNJc;class=z6zD0_2r_UpSNec;\" data-ved=\"2ahUKEwipjJCAn_mQAxUohP0HHVRUDTUQye0OegYIAQgKEAc\"><\/button><\/li>\n<\/ul>\n<div class=\"Y3BBE\" data-sfc-cp=\"\" data-hveid=\"CAEICxAA\" data-processed=\"true\"><strong class=\"Yjhzub\" data-complete=\"true\" data-processed=\"true\">Mat\u00e9riaux et caract\u00e9ristiques :<\/strong><br data-serialized-params=\"[]\" data-complete=\"true\" data-processed=\"true\" \/>Les sacs sont fabriqu\u00e9s \u00e0 partir d&rsquo;un tissu polyester de haute qualit\u00e9, reconnu pour sa durabilit\u00e9, sa r\u00e9sistance \u00e0 l&rsquo;usure et sa facilit\u00e9 de nettoyage (souvent r\u00e9sistant \u00e0 l&rsquo;eau). Le design \u00e0 rayures noires et blanches est moderne, \u00e9l\u00e9gant et unisexe, convenant aux mamans comme aux papas.<button class=\"rBl3me\" data-amic=\"true\" data-icl-uuid=\"c37f4d1f-df36-4304-9940-00107f3f03eb\" aria-label=\"Afficher les liens associ\u00e9s\" data-wiz-attrbind=\"disabled=z6zD0_2x_C5gNJc;class=z6zD0_2x_UpSNec;\" data-ved=\"2ahUKEwipjJCAn_mQAxUohP0HHVRUDTUQye0OegYIAQgLEAE\"><\/button><\/div>\n<div class=\"Fsg96\" data-sfc-cp=\"\" data-complete=\"true\" data-processed=\"true\"><\/div>\n<div data-xid=\"Gd7Hsc\" data-sfc-cp=\"\" data-wiz-uids=\"z6zD0_31\" data-complete=\"true\" data-processed=\"true\">\n<div class=\"DBd2Wb\" data-complete=\"true\" data-processed=\"true\">\n<div data-complete=\"true\" data-processed=\"true\"><\/div>\n<div class=\"zkL70c\" data-complete=\"true\" data-processed=\"true\">\n<div class=\"VlQBpc\" data-wiz-uids=\"z6zD0_33,z6zD0_34,z6zD0_35\" data-complete=\"true\" data-processed=\"true\"><\/div>\n<\/div>\n<\/div>\n<\/div>\n","protected":false},"excerpt":{"rendered":"<div class=\"Y3BBE\" data-sfc-cp=\"\" data-hveid=\"CAEIBBAA\" data-complete=\"true\" data-processed=\"true\"><strong class=\"Yjhzub\" data-complete=\"true\" data-processed=\"true\">Ensemble sac \u00e0 langer multifonctionnel de 7 pi\u00e8ces, arborant un motif \u00e0 rayures verticales noires et blanches avec des accents marron\/tan.<\/strong>\u00a0Con\u00e7u pour l&rsquo;organisation et le transport des essentiels de b\u00e9b\u00e9, l&rsquo;ensemble comprend un grand sac fourre-tout, un petit sac \u00e0 bandouli\u00e8re, un sac isotherme, un tapis \u00e0 langer portable et d&rsquo;autres accessoires assortis.<button class=\"rBl3me\" data-amic=\"true\" data-icl-uuid=\"0b2f11e3-c433-470c-848c-cc951f57c611\" aria-label=\"Afficher les liens associ\u00e9s\" data-wiz-attrbind=\"disabled=z6zD0_16_C5gNJc;class=z6zD0_16_UpSNec;\" data-ved=\"2ahUKEwipjJCAn_mQAxUohP0HHVRUDTUQye0OegYIAQgEEAE\"><\/button><\/div>\n<div class=\"Fsg96\" data-sfc-cp=\"\" data-complete=\"true\" data-processed=\"true\"><\/div>\n","protected":false},"featured_media":1315,"template":"","meta":[],"product_brand":[],"product_cat":[59,91],"product_tag":[],"class_list":{"0":"post-1328","1":"product","2":"type-product","3":"status-publish","4":"has-post-thumbnail","6":"product_cat-espace-maman","7":"product_cat-sacs-a-langer","9":"first","10":"instock","11":"shipping-taxable","12":"purchasable","13":"product-type-simple"},"_links":{"self":[{"href":"https:\/\/test.techcobenin.com\/index.php\/wp-json\/wp\/v2\/product\/1328","targetHints":{"allow":["GET"]}}],"collection":[{"href":"https:\/\/test.techcobenin.com\/index.php\/wp-json\/wp\/v2\/product"}],"about":[{"href":"https:\/\/test.techcobenin.com\/index.php\/wp-json\/wp\/v2\/types\/product"}],"version-history":[{"count":3,"href":"https:\/\/test.techcobenin.com\/index.php\/wp-json\/wp\/v2\/product\/1328\/revisions"}],"predecessor-version":[{"id":1331,"href":"https:\/\/test.techcobenin.com\/index.php\/wp-json\/wp\/v2\/product\/1328\/revisions\/1331"}],"wp:featuredmedia":[{"embeddable":true,"href":"https:\/\/test.techcobenin.com\/index.php\/wp-json\/wp\/v2\/media\/1315"}],"wp:attachment":[{"href":"https:\/\/test.techcobenin.com\/index.php\/wp-json\/wp\/v2\/media?parent=1328"}],"wp:term":[{"taxonomy":"product_brand","embeddable":true,"href":"https:\/\/test.techcobenin.com\/index.php\/wp-json\/wp\/v2\/product_brand?post=1328"},{"taxonomy":"product_cat","embeddable":true,"href":"https:\/\/test.techcobenin.com\/index.php\/wp-json\/wp\/v2\/product_cat?post=1328"},{"taxonomy":"product_tag","embeddable":true,"href":"https:\/\/test.techcobenin.com\/index.php\/wp-json\/wp\/v2\/product_tag?post=1328"}],"curies":[{"name":"wp","href":"https:\/\/api.w.org\/{rel}","templated":true}]}}