{"id":1304,"date":"2025-11-17T12:52:27","date_gmt":"2025-11-17T11:52:27","guid":{"rendered":"https:\/\/test.techcobenin.com\/?post_type=product&#038;p=1304"},"modified":"2025-11-26T17:50:54","modified_gmt":"2025-11-26T16:50:54","slug":"coffret-parfum-pour-bebe-50ml","status":"publish","type":"product","link":"https:\/\/test.techcobenin.com\/index.php\/produit\/coffret-parfum-pour-bebe-50ml\/","title":{"rendered":"Coffret parfum pour b\u00e9b\u00e9, 50ml"},"content":{"rendered":"<div class=\"Y3BBE\" data-sfc-cp=\"\" data-hveid=\"CAEIBhAA\" data-processed=\"true\" data-complete=\"true\"><strong class=\"Yjhzub\" data-complete=\"true\" data-processed=\"true\">D\u00e9tails du produit :<\/strong><\/div>\n<ul class=\"KsbFXc U6u95\" data-processed=\"true\" data-complete=\"true\">\n<li data-hveid=\"CAEIBxAA\" data-complete=\"true\" data-sae=\"\"><span class=\"T286Pc\" data-sfc-cp=\"\" data-complete=\"true\"><strong class=\"Yjhzub\" data-complete=\"true\">Contenance :<\/strong>\u00a0Le flacon contient 50 ml d&rsquo;eau de parfum ou eau de senteur.<\/span><\/li>\n<li data-hveid=\"CAEIBxAB\" data-complete=\"true\" data-sae=\"\"><span class=\"T286Pc\" data-sfc-cp=\"\" data-complete=\"true\"><strong class=\"Yjhzub\" data-complete=\"true\">Formulation :<\/strong>\u00a0Le parfum est sp\u00e9cialement con\u00e7u pour la peau sensible des b\u00e9b\u00e9s. Il est l\u00e9ger, hypoallerg\u00e9nique et, dans de nombreux cas, formul\u00e9 sans alcool pour \u00e9viter le dess\u00e8chement ou l&rsquo;irritation de l&rsquo;\u00e9piderme d\u00e9licat de l&rsquo;enfant.<\/span><\/li>\n<li data-hveid=\"CAEIBxAC\" data-complete=\"true\" data-sae=\"\"><span class=\"T286Pc\" data-sfc-cp=\"\" data-complete=\"true\"><strong class=\"Yjhzub\" data-complete=\"true\">Fragrance :<\/strong>\u00a0Il offre une fragrance subtile et apaisante, souvent d\u00e9crite avec des notes fra\u00eeches, fruit\u00e9es ou poudr\u00e9es.<\/span><\/li>\n<li data-hveid=\"CAEIBxAD\" data-complete=\"true\" data-sae=\"\"><span class=\"T286Pc\" data-sfc-cp=\"\" data-complete=\"true\"><strong class=\"Yjhzub\" data-complete=\"true\">Design et accessoires :<\/strong>\u00a0Le produit se distingue par son design th\u00e9matique \u00ab\u00a0panda\u00a0\u00bb. L&#8217;emballage comprend un flacon en verre transparent surmont\u00e9 d&rsquo;un bouchon d\u00e9cor\u00e9 d&rsquo;un visage de panda, ainsi qu&rsquo;une petite peluche panda douce et c\u00e2line s\u00e9par\u00e9e, qui sert de jouet ou d&rsquo;objet de r\u00e9confort.<\/span><\/li>\n<\/ul>\n","protected":false},"excerpt":{"rendered":"<p><strong class=\"Yjhzub\" data-complete=\"true\" data-processed=\"true\"><span class=\"T286Pc\" data-sfc-cp=\"\" data-complete=\"true\" data-processed=\"true\">Con\u00e7u pour les b\u00e9b\u00e9s et les jeunes enfants.<\/span><\/strong> Il se compose d&rsquo;un flacon d&rsquo;eau de senteur, g\u00e9n\u00e9ralement sans alcool et hypoallerg\u00e9nique, et est accompagn\u00e9 d&rsquo;une mignonne peluche panda.<\/p>\n","protected":false},"featured_media":1147,"template":"","meta":[],"product_brand":[],"product_cat":[71],"product_tag":[],"class_list":{"0":"post-1304","1":"product","2":"type-product","3":"status-publish","4":"has-post-thumbnail","6":"product_cat-soins-toilette","8":"first","9":"instock","10":"shipping-taxable","11":"purchasable","12":"product-type-simple"},"_links":{"self":[{"href":"https:\/\/test.techcobenin.com\/index.php\/wp-json\/wp\/v2\/product\/1304","targetHints":{"allow":["GET"]}}],"collection":[{"href":"https:\/\/test.techcobenin.com\/index.php\/wp-json\/wp\/v2\/product"}],"about":[{"href":"https:\/\/test.techcobenin.com\/index.php\/wp-json\/wp\/v2\/types\/product"}],"version-history":[{"count":1,"href":"https:\/\/test.techcobenin.com\/index.php\/wp-json\/wp\/v2\/product\/1304\/revisions"}],"predecessor-version":[{"id":1305,"href":"https:\/\/test.techcobenin.com\/index.php\/wp-json\/wp\/v2\/product\/1304\/revisions\/1305"}],"wp:featuredmedia":[{"embeddable":true,"href":"https:\/\/test.techcobenin.com\/index.php\/wp-json\/wp\/v2\/media\/1147"}],"wp:attachment":[{"href":"https:\/\/test.techcobenin.com\/index.php\/wp-json\/wp\/v2\/media?parent=1304"}],"wp:term":[{"taxonomy":"product_brand","embeddable":true,"href":"https:\/\/test.techcobenin.com\/index.php\/wp-json\/wp\/v2\/product_brand?post=1304"},{"taxonomy":"product_cat","embeddable":true,"href":"https:\/\/test.techcobenin.com\/index.php\/wp-json\/wp\/v2\/product_cat?post=1304"},{"taxonomy":"product_tag","embeddable":true,"href":"https:\/\/test.techcobenin.com\/index.php\/wp-json\/wp\/v2\/product_tag?post=1304"}],"curies":[{"name":"wp","href":"https:\/\/api.w.org\/{rel}","templated":true}]}}