{"id":1301,"date":"2025-11-17T12:45:19","date_gmt":"2025-11-17T11:45:19","guid":{"rendered":"https:\/\/test.techcobenin.com\/?post_type=product&#038;p=1301"},"modified":"2025-12-05T14:20:29","modified_gmt":"2025-12-05T13:20:29","slug":"tire-lait-electrique-portable-modele-my-375","status":"publish","type":"product","link":"https:\/\/test.techcobenin.com\/index.php\/produit\/tire-lait-electrique-portable-modele-my-375\/","title":{"rendered":"Tire lait \u00e9lectrique portable mod\u00e8le MY-375"},"content":{"rendered":"<div class=\"Y3BBE\" data-sfc-cp=\"\" data-hveid=\"CAEIBxAA\" data-processed=\"true\" data-complete=\"true\"><\/div>\n<div class=\"Y3BBE\" data-sfc-cp=\"\" data-hveid=\"CAEICBAA\" data-processed=\"true\" data-complete=\"true\"><strong class=\"Yjhzub\" data-complete=\"true\" data-processed=\"true\">Caract\u00e9ristiques principales :<\/strong><\/div>\n<ul class=\"KsbFXc U6u95\" data-processed=\"true\" data-complete=\"true\">\n<li data-hveid=\"CAEICRAA\" data-complete=\"true\" data-sae=\"\"><span class=\"T286Pc\" data-sfc-cp=\"\" data-complete=\"true\"><strong class=\"Yjhzub\" data-complete=\"true\">Conception mains libres et portable :<\/strong>\u00a0Le tire-lait se glisse dans le soutien-gorge, \u00e9liminant le besoin de fils ou de bouteilles encombrantes, offrant ainsi une libert\u00e9 de mouvement totale.<\/span><\/li>\n<li data-hveid=\"CAEICRAB\" data-sae=\"\" data-complete=\"true\"><span class=\"T286Pc\" data-sfc-cp=\"\" data-complete=\"true\"><strong class=\"Yjhzub\" data-complete=\"true\">Technologie avanc\u00e9e :<\/strong>\u00a0Il est dot\u00e9 de 4 modes (incluant massage et expression) et de 12 niveaux d&rsquo;intensit\u00e9 r\u00e9glables, permettant de personnaliser l&rsquo;exp\u00e9rience selon les besoins de la m\u00e8re et d&rsquo;imiter la succion naturelle du b\u00e9b\u00e9.<\/span><\/li>\n<li data-hveid=\"CAEICRAC\" data-complete=\"true\" data-processed=\"true\" data-sae=\"\"><span class=\"T286Pc\" data-sfc-cp=\"\" data-complete=\"true\"><strong class=\"Yjhzub\" data-complete=\"true\">Silencieux et discret :<\/strong>\u00a0Son faible niveau sonore le rend id\u00e9al pour une utilisation discr\u00e8te, que ce soit \u00e0 la maison, au travail ou en d\u00e9placement.<\/span><\/li>\n<li data-hveid=\"CAEICRAD\" data-complete=\"true\" data-processed=\"true\" data-sae=\"\"><span class=\"T286Pc\" data-sfc-cp=\"\" data-complete=\"true\"><strong class=\"Yjhzub\" data-complete=\"true\">Mat\u00e9riaux s\u00fbrs :<\/strong>\u00a0L&rsquo;appareil est fabriqu\u00e9 \u00e0 partir de mat\u00e9riaux sans BPA (Bisph\u00e9nol A), garantissant la s\u00e9curit\u00e9 du lait maternel.<\/span><\/li>\n<li data-hveid=\"CAEICRAE\" data-complete=\"true\" data-processed=\"true\" data-sae=\"\"><span class=\"T286Pc\" data-sfc-cp=\"\" data-complete=\"true\"><strong class=\"Yjhzub\" data-complete=\"true\">Rechargeable :<\/strong>\u00a0Il est \u00e9quip\u00e9 d&rsquo;une batterie au lithium rechargeable de grande capacit\u00e9 (souvent 1200 mAh), offrant une bonne autonomie.<\/span><\/li>\n<li data-hveid=\"CAEICRAF\" data-complete=\"true\" data-processed=\"true\" data-sae=\"\"><span class=\"T286Pc\" data-sfc-cp=\"\" data-complete=\"true\"><strong class=\"Yjhzub\" data-complete=\"true\">Facile \u00e0 utiliser et \u00e0 nettoyer :<\/strong> Il dispose d&rsquo;un \u00e9cran d&rsquo;affichage LED pour suivre les modes et les niveaux, et sa structure est con\u00e7ue pour un assemblage et un nettoyage faciles, avec un syst\u00e8me anti reflux.<\/span><\/li>\n<\/ul>\n","protected":false},"excerpt":{"rendered":"<p>Con\u00e7u pour la discr\u00e9tion et la commodit\u00e9, il se porte directement dans le soutien-gorge, permettant aux m\u00e8res de vaquer \u00e0 leurs occupations pendant l&rsquo;expression du lait. Il est l\u00e9ger, silencieux et offre plusieurs modes d&rsquo;utilisation<\/p>\n","protected":false},"featured_media":1191,"template":"","meta":[],"product_brand":[],"product_cat":[59,89],"product_tag":[],"class_list":{"0":"post-1301","1":"product","2":"type-product","3":"status-publish","4":"has-post-thumbnail","6":"product_cat-espace-maman","7":"product_cat-tire-laits","9":"first","10":"instock","11":"shipping-taxable","12":"purchasable","13":"product-type-simple"},"_links":{"self":[{"href":"https:\/\/test.techcobenin.com\/index.php\/wp-json\/wp\/v2\/product\/1301","targetHints":{"allow":["GET"]}}],"collection":[{"href":"https:\/\/test.techcobenin.com\/index.php\/wp-json\/wp\/v2\/product"}],"about":[{"href":"https:\/\/test.techcobenin.com\/index.php\/wp-json\/wp\/v2\/types\/product"}],"version-history":[{"count":2,"href":"https:\/\/test.techcobenin.com\/index.php\/wp-json\/wp\/v2\/product\/1301\/revisions"}],"predecessor-version":[{"id":1303,"href":"https:\/\/test.techcobenin.com\/index.php\/wp-json\/wp\/v2\/product\/1301\/revisions\/1303"}],"wp:featuredmedia":[{"embeddable":true,"href":"https:\/\/test.techcobenin.com\/index.php\/wp-json\/wp\/v2\/media\/1191"}],"wp:attachment":[{"href":"https:\/\/test.techcobenin.com\/index.php\/wp-json\/wp\/v2\/media?parent=1301"}],"wp:term":[{"taxonomy":"product_brand","embeddable":true,"href":"https:\/\/test.techcobenin.com\/index.php\/wp-json\/wp\/v2\/product_brand?post=1301"},{"taxonomy":"product_cat","embeddable":true,"href":"https:\/\/test.techcobenin.com\/index.php\/wp-json\/wp\/v2\/product_cat?post=1301"},{"taxonomy":"product_tag","embeddable":true,"href":"https:\/\/test.techcobenin.com\/index.php\/wp-json\/wp\/v2\/product_tag?post=1301"}],"curies":[{"name":"wp","href":"https:\/\/api.w.org\/{rel}","templated":true}]}}