{"id":1165,"date":"2025-11-14T12:58:30","date_gmt":"2025-11-14T11:58:30","guid":{"rendered":"https:\/\/test.techcobenin.com\/?post_type=product&#038;p=1165"},"modified":"2025-11-20T14:22:41","modified_gmt":"2025-11-20T13:22:41","slug":"sachets-de-conservation-de-lait-maternel-beidile","status":"publish","type":"product","link":"https:\/\/test.techcobenin.com\/index.php\/produit\/sachets-de-conservation-de-lait-maternel-beidile\/","title":{"rendered":"Sachets de conservation de lait maternel Beidile"},"content":{"rendered":"<ul data-hveid=\"CBYQAQ\" data-ved=\"2ahUKEwjAidKCyfGQAxWdUKQEHdZTG2wQm_YKegQIFhAB\">\n<li><span data-huuid=\"6921189874033893719\">Ils sont con\u00e7us pour stocker le lait maternel de mani\u00e8re hygi\u00e9nique et s\u00fbre.<span class=\"pjBG2e\" data-cid=\"9cb1bffb-f591-4f80-9d0a-289f2c838409\"><span class=\"UV3uM\">\u00a0<\/span><\/span><\/span>\n<div class=\"NPrrbc\" data-cid=\"9cb1bffb-f591-4f80-9d0a-289f2c838409\" data-uuids=\"6921189874033893719\"><\/div>\n<\/li>\n<li><span data-huuid=\"6921189874033896577\">Chaque sachet a une capacit\u00e9 de 250 ml (8 oz).<span class=\"pjBG2e\" data-cid=\"1218f831-7533-487c-b275-020747a6af9b\"><span class=\"UV3uM\">\u00a0<\/span><\/span><\/span>\n<div class=\"NPrrbc\" data-cid=\"1218f831-7533-487c-b275-020747a6af9b\" data-uuids=\"6921189874033896577\"><\/div>\n<\/li>\n<li><span data-huuid=\"6921189874033895339\">Ils sont pr\u00e9-st\u00e9rilis\u00e9s, sans BPA et fabriqu\u00e9s \u00e0 partir de mat\u00e9riaux de qualit\u00e9 alimentaire.<span class=\"pjBG2e\" data-cid=\"37fe42bd-6074-4f8e-b93b-f1653f6262b0\"><span class=\"UV3uM\">\u00a0<\/span><\/span><\/span>\n<div class=\"NPrrbc\" data-cid=\"37fe42bd-6074-4f8e-b93b-f1653f6262b0\" data-uuids=\"6921189874033895339\"><\/div>\n<\/li>\n<li><span data-huuid=\"6921189874033894101\">Le design inclut une fermeture \u00e0 double zip pour pr\u00e9venir les fuites et peut \u00eatre congel\u00e9.<span class=\"pjBG2e\" data-cid=\"94526cab-0063-4f10-aa06-31784469f3d6\"><span class=\"UV3uM\">\u00a0<\/span><\/span><\/span>\n<div class=\"NPrrbc\" data-cid=\"94526cab-0063-4f10-aa06-31784469f3d6\" data-uuids=\"6921189874033894101\"><\/div>\n<\/li>\n<li><span data-huuid=\"6921189874033896959\">Les sachets ont une base qui leur permet de tenir debout pour un remplissage et un stockage faciles<\/span><\/li>\n<\/ul>\n","protected":false},"excerpt":{"rendered":"<p>Le carton contient 30 sachets et c<span data-huuid=\"6921189874033896577\">haque sachet a une capacit\u00e9 de 250 ml (8 oz)<\/span><\/p>\n","protected":false},"featured_media":1198,"template":"","meta":[],"product_brand":[],"product_cat":[59,93],"product_tag":[],"class_list":{"0":"post-1165","1":"product","2":"type-product","3":"status-publish","4":"has-post-thumbnail","6":"product_cat-espace-maman","7":"product_cat-sachets-pots-de-conservation-de-lait-maternel","9":"first","10":"instock","11":"shipping-taxable","12":"purchasable","13":"product-type-simple"},"_links":{"self":[{"href":"https:\/\/test.techcobenin.com\/index.php\/wp-json\/wp\/v2\/product\/1165","targetHints":{"allow":["GET"]}}],"collection":[{"href":"https:\/\/test.techcobenin.com\/index.php\/wp-json\/wp\/v2\/product"}],"about":[{"href":"https:\/\/test.techcobenin.com\/index.php\/wp-json\/wp\/v2\/types\/product"}],"version-history":[{"count":3,"href":"https:\/\/test.techcobenin.com\/index.php\/wp-json\/wp\/v2\/product\/1165\/revisions"}],"predecessor-version":[{"id":1201,"href":"https:\/\/test.techcobenin.com\/index.php\/wp-json\/wp\/v2\/product\/1165\/revisions\/1201"}],"wp:featuredmedia":[{"embeddable":true,"href":"https:\/\/test.techcobenin.com\/index.php\/wp-json\/wp\/v2\/media\/1198"}],"wp:attachment":[{"href":"https:\/\/test.techcobenin.com\/index.php\/wp-json\/wp\/v2\/media?parent=1165"}],"wp:term":[{"taxonomy":"product_brand","embeddable":true,"href":"https:\/\/test.techcobenin.com\/index.php\/wp-json\/wp\/v2\/product_brand?post=1165"},{"taxonomy":"product_cat","embeddable":true,"href":"https:\/\/test.techcobenin.com\/index.php\/wp-json\/wp\/v2\/product_cat?post=1165"},{"taxonomy":"product_tag","embeddable":true,"href":"https:\/\/test.techcobenin.com\/index.php\/wp-json\/wp\/v2\/product_tag?post=1165"}],"curies":[{"name":"wp","href":"https:\/\/api.w.org\/{rel}","templated":true}]}}