{"id":1031,"date":"2025-11-12T13:19:42","date_gmt":"2025-11-12T12:19:42","guid":{"rendered":"https:\/\/test.techcobenin.com\/?post_type=product&#038;p=1031"},"modified":"2025-11-12T13:23:00","modified_gmt":"2025-11-12T12:23:00","slug":"echarpe-de-portage-bebe","status":"publish","type":"product","link":"https:\/\/test.techcobenin.com\/index.php\/produit\/echarpe-de-portage-bebe\/","title":{"rendered":"\u00c9charpe de portage b\u00e9b\u00e9"},"content":{"rendered":"<ul class=\"a-unordered-list a-vertical a-spacing-mini\">\n<li class=\"a-spacing-mini\"><span class=\"a-list-item\">B\u00e9b\u00e9 sera parfaitement install\u00e9 dans les \u00e9charpes de portage que les parents pourront facilement nouer grce \u00e0 la notice d\u00e9taill\u00e9e<\/span><\/li>\n<li class=\"a-spacing-mini\"><span class=\"a-list-item\">Les \u00e9charpes sont 100% en coton, dans un tissu l\u00e9ger et extensible dans la diagonale pour permettre au b\u00e9b\u00e9 une libert\u00e9 de mouvements sans que l\u2019\u00e9charpe ne se desserre<\/span><\/li>\n<\/ul>\n","protected":false},"excerpt":{"rendered":"<p>\u00c9charpe de portage douce et respirante, id\u00e9ale pour garder b\u00e9b\u00e9 tout contre vous en toute s\u00e9curit\u00e9 et confort.<\/p>\n","protected":false},"featured_media":989,"template":"","meta":[],"product_brand":[],"product_cat":[59,90],"product_tag":[],"class_list":{"0":"post-1031","1":"product","2":"type-product","3":"status-publish","4":"has-post-thumbnail","6":"product_cat-espace-maman","7":"product_cat-porte-bebes","9":"first","10":"instock","11":"shipping-taxable","12":"purchasable","13":"product-type-simple"},"_links":{"self":[{"href":"https:\/\/test.techcobenin.com\/index.php\/wp-json\/wp\/v2\/product\/1031","targetHints":{"allow":["GET"]}}],"collection":[{"href":"https:\/\/test.techcobenin.com\/index.php\/wp-json\/wp\/v2\/product"}],"about":[{"href":"https:\/\/test.techcobenin.com\/index.php\/wp-json\/wp\/v2\/types\/product"}],"version-history":[{"count":1,"href":"https:\/\/test.techcobenin.com\/index.php\/wp-json\/wp\/v2\/product\/1031\/revisions"}],"predecessor-version":[{"id":1032,"href":"https:\/\/test.techcobenin.com\/index.php\/wp-json\/wp\/v2\/product\/1031\/revisions\/1032"}],"wp:featuredmedia":[{"embeddable":true,"href":"https:\/\/test.techcobenin.com\/index.php\/wp-json\/wp\/v2\/media\/989"}],"wp:attachment":[{"href":"https:\/\/test.techcobenin.com\/index.php\/wp-json\/wp\/v2\/media?parent=1031"}],"wp:term":[{"taxonomy":"product_brand","embeddable":true,"href":"https:\/\/test.techcobenin.com\/index.php\/wp-json\/wp\/v2\/product_brand?post=1031"},{"taxonomy":"product_cat","embeddable":true,"href":"https:\/\/test.techcobenin.com\/index.php\/wp-json\/wp\/v2\/product_cat?post=1031"},{"taxonomy":"product_tag","embeddable":true,"href":"https:\/\/test.techcobenin.com\/index.php\/wp-json\/wp\/v2\/product_tag?post=1031"}],"curies":[{"name":"wp","href":"https:\/\/api.w.org\/{rel}","templated":true}]}}